{"id":156,"date":"2023-07-23T21:28:58","date_gmt":"2023-07-23T21:28:58","guid":{"rendered":"https:\/\/morenetcash.com\/?page_id=156"},"modified":"2025-10-29T12:25:15","modified_gmt":"2025-10-29T12:25:15","slug":"about","status":"publish","type":"page","link":"https:\/\/morenetcash.com\/pt\/about\/","title":{"rendered":"Sobre"},"content":{"rendered":"<div class=\"mx-5 sm:mx-0 prose leading-relaxed text-lg mb-5 text-left wp-paragraph\">\n<p>O More Net Cash \u00e9 um site focado em conte\u00fado que ajuda os leitores a entenderem as op\u00e7\u00f5es financeiras, de carreira, de aprendizado e de jogos da atualidade. Publicamos artigos pr\u00e1ticos e f\u00e1ceis de entender sobre finan\u00e7as pessoais, mercado de trabalho, educa\u00e7\u00e3o e jogos, com o objetivo de fornecer informa\u00e7\u00f5es relevantes e confi\u00e1veis para quem busca tomar decis\u00f5es financeiras mais inteligentes, crescer profissionalmente e aproveitar seus jogos favoritos.<\/p>\n<\/div><div class=\"mx-5 sm:mx-0 prose leading-relaxed text-lg mb-5 text-left wp-paragraph\">\n<p>Nosso objetivo \u00e9 simplificar t\u00f3picos complexos. Seja para comparar cart\u00f5es de cr\u00e9dito, empr\u00e9stimos pessoais, navegar na busca por um emprego ou descobrir novos jogos, nosso conte\u00fado oferece insights claros e pr\u00e1ticos, sem vender servi\u00e7os ou conectar candidatos a empregadores. Em vez disso, fornecemos informa\u00e7\u00f5es independentes para ajud\u00e1-lo a pensar com clareza e agir com prop\u00f3sito.<\/p>\n<\/div><div class=\"mx-5 sm:mx-0 prose leading-relaxed text-lg mb-5 text-left wp-paragraph\">\n<p>Voc\u00ea encontrar\u00e1 publica\u00e7\u00f5es atualizadas regularmente sobre produtos financeiros, como cart\u00f5es de cr\u00e9dito e op\u00e7\u00f5es de empr\u00e9stimo, al\u00e9m de tend\u00eancias de contrata\u00e7\u00e3o, desenvolvimento de habilidades, educa\u00e7\u00e3o financeira e informa\u00e7\u00f5es sobre as \u00faltimas not\u00edcias do mundo dos jogos. Oferecemos tamb\u00e9m conte\u00fado selecionado sobre trabalho remoto, aprendizado online, transi\u00e7\u00f5es de carreira e experi\u00eancias com jogos. Embora frequentemente destaquemos oportunidades de emprego e atualiza\u00e7\u00f5es sobre o mercado de trabalho, n\u00e3o temos v\u00ednculos com nenhuma empresa ou organiza\u00e7\u00e3o mencionada aqui.<\/p>\n<\/div><!--advertisement--><div class=\"mx-5 sm:mx-0 sm:text-3xl text-2xl font-medium title-font mb-4 text-gray-900 text-left\">\n<h2 class=\"wp-block-heading\">Nossa Miss\u00e3o<\/h2>\n<\/div><div class=\"mx-5 sm:mx-0 prose leading-relaxed text-lg mb-5 text-left wp-paragraph\">\n<p>Queremos ajudar pessoas em todas as fases da vida a se sentirem mais confiantes em rela\u00e7\u00e3o ao pr\u00f3ximo passo, seja come\u00e7ar um novo emprego, melhorar seus h\u00e1bitos financeiros, escolher o curso certo para aprimorar uma habilidade ou descobrir novos jogos empolgantes. Nossa miss\u00e3o \u00e9 fornecer fatos, contexto e ideias que apoiem seus objetivos, sem prometer atalhos ou resultados da noite para o dia.<\/p>\n<\/div><div class=\"mx-5 sm:mx-0 prose leading-relaxed text-lg mb-5 text-left wp-paragraph\">\n<p>Acreditamos que o progresso se constr\u00f3i com base em conhecimento claro e a\u00e7\u00f5es pequenas e consistentes. \u00c9 por isso que dedicamos tempo para pesquisar o que importa e entregar de uma forma f\u00e1cil de ler, f\u00e1cil de aplicar e sem press\u00e3o.<\/p>\n<\/div><!--advertisement--><div class=\"mx-5 sm:mx-0 sm:text-3xl text-2xl font-medium title-font mb-4 text-gray-900 text-left\">\n<h2 class=\"wp-block-heading\">O que voc\u00ea encontrar\u00e1 aqui<\/h2>\n<\/div><div class=\"mx-5 sm:mx-0 prose leading-relaxed text-lg mb-5 text-left wp-paragraph\">\n<p>Nosso conte\u00fado \u00e9 organizado para apoiar seu desenvolvimento pessoal e profissional por meio de diferentes lentes:<\/p>\n<\/div><div class=\"mx-5 sm:mx-0 prose text-left mb-5\">\n<ul><div class=\"mx-5 sm:mx-0 prose text-left mb-5\">\n<li><strong>Cart\u00f5es de Cr\u00e9dito e Empr\u00e9stimos Pessoais<\/strong><strong><br><\/strong> Compare as melhores op\u00e7\u00f5es de cart\u00f5es de cr\u00e9dito, empr\u00e9stimos pessoais e outras solu\u00e7\u00f5es financeiras. Oferecemos an\u00e1lises detalhadas dos pr\u00f3s e contras de diferentes produtos financeiros, facilitando a sua decis\u00e3o sobre o que \u00e9 melhor para voc\u00ea.<\/li>\n<\/div>\n\n<div class=\"mx-5 sm:mx-0 prose text-left mb-5\">\n<li><strong>Dicas de carreira e orienta\u00e7\u00e3o profissional<\/strong><strong><br><\/strong> Da elabora\u00e7\u00e3o do curr\u00edculo \u00e0 prepara\u00e7\u00e3o para entrevistas, detalhamos estrat\u00e9gias essenciais para ajudar voc\u00ea a se destacar e seguir em frente com confian\u00e7a.<\/li>\n<\/div>\n\n<div class=\"mx-5 sm:mx-0 prose text-left mb-5\">\n<li><strong>Bem-estar financeiro<\/strong><strong><br><\/strong> Aprenda a administrar seu dinheiro com mais sabedoria, entenda ferramentas de economia e or\u00e7amento e responda a perguntas financeiras comuns com clareza.<\/li>\n<\/div>\n\n<div class=\"mx-5 sm:mx-0 prose text-left mb-5\">\n<li><strong>Cursos Online e Aconselhamento de Aprendizagem<\/strong><strong><br><\/strong> Descubra ideias de cursos, dicas de estudo e recursos de desenvolvimento de habilidades que estejam alinhados com seus objetivos e sejam adequados ao seu estilo de vida.<\/li>\n<\/div>\n\n<div class=\"mx-5 sm:mx-0 prose text-left mb-5\">\n<li><strong>Informa\u00e7\u00f5es sobre jogos<\/strong><strong><br><\/strong> Mantenha-se informado sobre as \u00faltimas tend\u00eancias em jogos, dicas para aproveitar ao m\u00e1ximo seus jogos favoritos e maneiras de aprimorar sua experi\u00eancia de jogo.<\/li>\n<\/div>\n\n<div class=\"mx-5 sm:mx-0 prose text-left mb-5\">\n<li><strong>Trabalho Remoto e Flexibilidade<\/strong><strong><br><\/strong> Aproveite ao m\u00e1ximo as ferramentas digitais, os h\u00e1bitos de gerenciamento de tempo e as plataformas colaborativas que oferecem suporte a uma maneira moderna e flex\u00edvel de trabalhar.<\/li>\n<\/div>\n\n<div class=\"mx-5 sm:mx-0 prose text-left mb-5\">\n<li><strong>Destaques de contrata\u00e7\u00e3o e tend\u00eancias de mercado<\/strong><strong><br><\/strong> Mantenha-se informado sobre novas vagas e atualiza\u00e7\u00f5es sobre a for\u00e7a de trabalho dos principais empregadores. Embora compartilhemos essas informa\u00e7\u00f5es regularmente, n\u00e3o representamos nem promovemos nenhuma empresa.<\/li>\n<\/div><\/ul>\n<\/div><!--advertisement--><div class=\"mx-5 sm:mx-0 sm:text-3xl text-2xl font-medium title-font mb-4 text-gray-900 text-left\">\n<h2 class=\"wp-block-heading\">Nossa Abordagem<\/h2>\n<\/div><div class=\"mx-5 sm:mx-0 prose leading-relaxed text-lg mb-5 text-left wp-paragraph\">\n<p>More Net Cash \u00e9 uma publica\u00e7\u00e3o independente. Financiamos nosso trabalho por meio de publicidade, mas n\u00e3o vendemos produtos, aceitamos endossos pagos ou divulgamos vagas de emprego patrocinadas sob disfarce editorial.<\/p>\n<\/div><div class=\"mx-5 sm:mx-0 prose leading-relaxed text-lg mb-5 text-left wp-paragraph\">\n<p>Cada artigo \u00e9 produzido internamente por uma equipe comprometida em fornecer conte\u00fado bem pesquisado, relevante e \u00fatil. N\u00e3o trocamos nossa credibilidade por cliques. O mais importante \u00e9 fornecer informa\u00e7\u00f5es confi\u00e1veis \u2014 sem ru\u00eddo ou press\u00e3o.<\/p>\n<\/div><div class=\"mx-5 sm:mx-0 prose leading-relaxed text-lg mb-5 text-left wp-paragraph\">\n<p>Estamos aqui para informar, n\u00e3o para influenciar. Se voc\u00ea busca orienta\u00e7\u00e3o fundamentada sobre empregos, finan\u00e7as, caminhos de aprendizado ou jogos, voc\u00ea veio ao lugar certo.<\/p>\n<\/div>","protected":false},"excerpt":{"rendered":"<p>More Net Cash \u00e9 um site focado em conte\u00fado que ajuda os leitores a entenderem as op\u00e7\u00f5es financeiras, de carreira, de aprendizado e de jogos da atualidade. Publicamos artigos pr\u00e1ticos e f\u00e1ceis de entender, com foco em finan\u00e7as pessoais, mercado de trabalho, educa\u00e7\u00e3o e jogos, com o objetivo de fornecer informa\u00e7\u00f5es relevantes e confi\u00e1veis para quem busca tomar decis\u00f5es financeiras mais inteligentes. <a class=\"more-link\" href=\"https:\/\/morenetcash.com\/pt\/about\/\">Continue lendo <span class=\"screen-reader-text\">Sobre<\/span><\/a><\/p>","protected":false},"author":3,"featured_media":0,"parent":0,"menu_order":0,"comment_status":"closed","ping_status":"closed","template":"","meta":[],"yoast_head":"<!-- This site is optimized with the Yoast SEO plugin v19.1 - https:\/\/yoast.com\/wordpress\/plugins\/seo\/ -->\n<title>About - More Net Cash<\/title>\n<meta name=\"description\" content=\"At More Net Cash, we are dedicated to researching and providing expert advice on top-market mobile applications, software solutions, and online careers.\" \/>\n<meta name=\"robots\" content=\"index, follow, max-snippet:-1, max-image-preview:large, max-video-preview:-1\" \/>\n<link rel=\"canonical\" href=\"https:\/\/morenetcash.com\/pt\/about\/\" \/>\n<meta property=\"og:locale\" content=\"pt_PT\" \/>\n<meta property=\"og:type\" content=\"article\" \/>\n<meta property=\"og:title\" content=\"About - More Net Cash\" \/>\n<meta property=\"og:description\" content=\"At More Net Cash, we are dedicated to researching and providing expert advice on top-market mobile applications, software solutions, and online careers.\" \/>\n<meta property=\"og:url\" content=\"https:\/\/morenetcash.com\/pt\/about\/\" \/>\n<meta property=\"og:site_name\" content=\"More Net Cash\" \/>\n<meta property=\"article:modified_time\" content=\"2025-10-29T12:25:15+00:00\" \/>\n<meta name=\"twitter:card\" content=\"summary_large_image\" \/>\n<meta name=\"twitter:label1\" content=\"Est. reading time\" \/>\n\t<meta name=\"twitter:data1\" content=\"3 minutos\" \/>\n<script type=\"application\/ld+json\" class=\"yoast-schema-graph\">{\"@context\":\"https:\/\/schema.org\",\"@graph\":[{\"@type\":\"Organization\",\"@id\":\"https:\/\/morenetcash.com\/#organization\",\"name\":\"More Net Cash\",\"url\":\"https:\/\/morenetcash.com\/\",\"sameAs\":[],\"logo\":{\"@type\":\"ImageObject\",\"inLanguage\":\"pt-PT\",\"@id\":\"https:\/\/morenetcash.com\/#\/schema\/logo\/image\/\",\"url\":\"https:\/\/morenetcash.com\/wp-content\/uploads\/2023\/07\/More-Net-Cash-logo-copy.jpg\",\"contentUrl\":\"https:\/\/morenetcash.com\/wp-content\/uploads\/2023\/07\/More-Net-Cash-logo-copy.jpg\",\"width\":378,\"height\":164,\"caption\":\"More Net Cash\"},\"image\":{\"@id\":\"https:\/\/morenetcash.com\/#\/schema\/logo\/image\/\"}},{\"@type\":\"WebSite\",\"@id\":\"https:\/\/morenetcash.com\/#website\",\"url\":\"https:\/\/morenetcash.com\/\",\"name\":\"More Net Cash\",\"description\":\"Financial Products Reviews\",\"publisher\":{\"@id\":\"https:\/\/morenetcash.com\/#organization\"},\"potentialAction\":[{\"@type\":\"SearchAction\",\"target\":{\"@type\":\"EntryPoint\",\"urlTemplate\":\"https:\/\/morenetcash.com\/?s={search_term_string}\"},\"query-input\":\"required name=search_term_string\"}],\"inLanguage\":\"pt-PT\"},{\"@type\":\"WebPage\",\"@id\":\"https:\/\/morenetcash.com\/about\/#webpage\",\"url\":\"https:\/\/morenetcash.com\/about\/\",\"name\":\"About - More Net Cash\",\"isPartOf\":{\"@id\":\"https:\/\/morenetcash.com\/#website\"},\"datePublished\":\"2023-07-23T21:28:58+00:00\",\"dateModified\":\"2025-10-29T12:25:15+00:00\",\"description\":\"At More Net Cash, we are dedicated to researching and providing expert advice on top-market mobile applications, software solutions, and online careers.\",\"breadcrumb\":{\"@id\":\"https:\/\/morenetcash.com\/about\/#breadcrumb\"},\"inLanguage\":\"pt-PT\",\"potentialAction\":[{\"@type\":\"ReadAction\",\"target\":[\"https:\/\/morenetcash.com\/about\/\"]}]},{\"@type\":\"BreadcrumbList\",\"@id\":\"https:\/\/morenetcash.com\/about\/#breadcrumb\",\"itemListElement\":[{\"@type\":\"ListItem\",\"position\":1,\"name\":\"Home\",\"item\":\"https:\/\/morenetcash.com\/\"},{\"@type\":\"ListItem\",\"position\":2,\"name\":\"About\"}]}]}<\/script>\n<!-- \/ Yoast SEO plugin. -->","yoast_head_json":{"title":"About - More Net Cash","description":"At More Net Cash, we are dedicated to researching and providing expert advice on top-market mobile applications, software solutions, and online careers.","robots":{"index":"index","follow":"follow","max-snippet":"max-snippet:-1","max-image-preview":"max-image-preview:large","max-video-preview":"max-video-preview:-1"},"canonical":"https:\/\/morenetcash.com\/pt\/about\/","og_locale":"pt_PT","og_type":"article","og_title":"About - More Net Cash","og_description":"At More Net Cash, we are dedicated to researching and providing expert advice on top-market mobile applications, software solutions, and online careers.","og_url":"https:\/\/morenetcash.com\/pt\/about\/","og_site_name":"More Net Cash","article_modified_time":"2025-10-29T12:25:15+00:00","twitter_card":"summary_large_image","twitter_misc":{"Est. reading time":"3 minutos"},"schema":{"@context":"https:\/\/schema.org","@graph":[{"@type":"Organization","@id":"https:\/\/morenetcash.com\/#organization","name":"More Net Cash","url":"https:\/\/morenetcash.com\/","sameAs":[],"logo":{"@type":"ImageObject","inLanguage":"pt-PT","@id":"https:\/\/morenetcash.com\/#\/schema\/logo\/image\/","url":"https:\/\/morenetcash.com\/wp-content\/uploads\/2023\/07\/More-Net-Cash-logo-copy.jpg","contentUrl":"https:\/\/morenetcash.com\/wp-content\/uploads\/2023\/07\/More-Net-Cash-logo-copy.jpg","width":378,"height":164,"caption":"More Net Cash"},"image":{"@id":"https:\/\/morenetcash.com\/#\/schema\/logo\/image\/"}},{"@type":"WebSite","@id":"https:\/\/morenetcash.com\/#website","url":"https:\/\/morenetcash.com\/","name":"More Net Cash","description":"Financial Products Reviews","publisher":{"@id":"https:\/\/morenetcash.com\/#organization"},"potentialAction":[{"@type":"SearchAction","target":{"@type":"EntryPoint","urlTemplate":"https:\/\/morenetcash.com\/?s={search_term_string}"},"query-input":"required name=search_term_string"}],"inLanguage":"pt-PT"},{"@type":"WebPage","@id":"https:\/\/morenetcash.com\/about\/#webpage","url":"https:\/\/morenetcash.com\/about\/","name":"About - More Net Cash","isPartOf":{"@id":"https:\/\/morenetcash.com\/#website"},"datePublished":"2023-07-23T21:28:58+00:00","dateModified":"2025-10-29T12:25:15+00:00","description":"At More Net Cash, we are dedicated to researching and providing expert advice on top-market mobile applications, software solutions, and online careers.","breadcrumb":{"@id":"https:\/\/morenetcash.com\/about\/#breadcrumb"},"inLanguage":"pt-PT","potentialAction":[{"@type":"ReadAction","target":["https:\/\/morenetcash.com\/about\/"]}]},{"@type":"BreadcrumbList","@id":"https:\/\/morenetcash.com\/about\/#breadcrumb","itemListElement":[{"@type":"ListItem","position":1,"name":"Home","item":"https:\/\/morenetcash.com\/"},{"@type":"ListItem","position":2,"name":"About"}]}]}},"_links":{"self":[{"href":"https:\/\/morenetcash.com\/pt\/wp-json\/wp\/v2\/pages\/156"}],"collection":[{"href":"https:\/\/morenetcash.com\/pt\/wp-json\/wp\/v2\/pages"}],"about":[{"href":"https:\/\/morenetcash.com\/pt\/wp-json\/wp\/v2\/types\/page"}],"author":[{"embeddable":true,"href":"https:\/\/morenetcash.com\/pt\/wp-json\/wp\/v2\/users\/3"}],"replies":[{"embeddable":true,"href":"https:\/\/morenetcash.com\/pt\/wp-json\/wp\/v2\/comments?post=156"}],"version-history":[{"count":0,"href":"https:\/\/morenetcash.com\/pt\/wp-json\/wp\/v2\/pages\/156\/revisions"}],"wp:attachment":[{"href":"https:\/\/morenetcash.com\/pt\/wp-json\/wp\/v2\/media?parent=156"}],"curies":[{"name":"wp","href":"https:\/\/api.w.org\/{rel}","templated":true}]}}