{"id":156,"date":"2023-07-23T21:28:58","date_gmt":"2023-07-23T21:28:58","guid":{"rendered":"https:\/\/morenetcash.com\/?page_id=156"},"modified":"2025-10-29T12:25:15","modified_gmt":"2025-10-29T12:25:15","slug":"about","status":"publish","type":"page","link":"https:\/\/morenetcash.com\/it\/about\/","title":{"rendered":"Di"},"content":{"rendered":"<div class=\"mx-5 sm:mx-0 prose leading-relaxed text-lg mb-5 text-left wp-paragraph\">\n<p>More Net Cash \u00e8 un sito web basato sui contenuti che aiuta i lettori a comprendere le scelte finanziarie, i cambiamenti di carriera, le opportunit\u00e0 di apprendimento e le opzioni di gioco di oggi. Pubblichiamo articoli pratici e di facile comprensione incentrati su finanza personale, mercato del lavoro, percorsi formativi e gioco, con l&#039;obiettivo di fornire informazioni pertinenti e affidabili a coloro che desiderano prendere decisioni finanziarie pi\u00f9 consapevoli, crescere professionalmente e divertirsi con i propri videogiochi preferiti.<\/p>\n<\/div><div class=\"mx-5 sm:mx-0 prose leading-relaxed text-lg mb-5 text-left wp-paragraph\">\n<p>Il nostro obiettivo \u00e8 semplificare argomenti complessi. Che tu stia confrontando carte di credito, prestiti personali, cercando lavoro o scoprendo nuovi giochi, i nostri contenuti offrono spunti chiari e concreti, senza vendere servizi o mettere in contatto candidati e datori di lavoro. Al contrario, forniamo informazioni indipendenti per aiutarti a pensare con chiarezza e ad agire con uno scopo.<\/p>\n<\/div><div class=\"mx-5 sm:mx-0 prose leading-relaxed text-lg mb-5 text-left wp-paragraph\">\n<p>Troverai post regolarmente aggiornati su prodotti finanziari come carte di credito e opzioni di prestito, oltre a tendenze di assunzione, sviluppo delle competenze, educazione finanziaria e approfondimenti sulle ultime novit\u00e0 del mondo del gaming. Inoltre, offriamo contenuti selezionati su lavoro da remoto, apprendimento online, transizioni di carriera ed esperienze di gioco. Sebbene spesso segnaliamo opportunit\u00e0 di lavoro e aggiornamenti sulla forza lavoro, non abbiamo alcun legame con alcuna azienda o organizzazione qui presente.<\/p>\n<\/div><!--advertisement--><div class=\"mx-5 sm:mx-0 sm:text-3xl text-2xl font-medium title-font mb-4 text-gray-900 text-left\">\n<h2 class=\"wp-block-heading\">La nostra missione<\/h2>\n<\/div><div class=\"mx-5 sm:mx-0 prose leading-relaxed text-lg mb-5 text-left wp-paragraph\">\n<p>Vogliamo aiutare le persone in ogni fase della vita a sentirsi pi\u00f9 sicure del loro prossimo passo, che si tratti di iniziare un nuovo lavoro, migliorare le proprie abitudini finanziarie, scegliere il percorso giusto per migliorare una competenza o scoprire nuovi entusiasmanti giochi. La nostra missione \u00e8 fornirti fatti, contesto e idee che supportino i tuoi obiettivi, senza promettere scorciatoie o risultati immediati.<\/p>\n<\/div><div class=\"mx-5 sm:mx-0 prose leading-relaxed text-lg mb-5 text-left wp-paragraph\">\n<p>Crediamo che il progresso si basi su una conoscenza chiara e su azioni piccole e coerenti. Ecco perch\u00e9 ci prendiamo il tempo di ricercare ci\u00f2 che conta e di presentarlo in un modo facile da leggere, facile da applicare e senza pressioni.<\/p>\n<\/div><!--advertisement--><div class=\"mx-5 sm:mx-0 sm:text-3xl text-2xl font-medium title-font mb-4 text-gray-900 text-left\">\n<h2 class=\"wp-block-heading\">Cosa troverai qui<\/h2>\n<\/div><div class=\"mx-5 sm:mx-0 prose leading-relaxed text-lg mb-5 text-left wp-paragraph\">\n<p>I nostri contenuti sono organizzati per supportare il tuo sviluppo personale e professionale attraverso diverse prospettive:<\/p>\n<\/div><div class=\"mx-5 sm:mx-0 prose text-left mb-5\">\n<ul><div class=\"mx-5 sm:mx-0 prose text-left mb-5\">\n<li><strong>Carte di credito e prestiti personali<\/strong><strong><br><\/strong> Confronta le migliori opzioni per carte di credito, prestiti personali e altre soluzioni finanziarie. Forniamo analisi dettagliate dei pro e dei contro dei diversi prodotti finanziari, aiutandoti a decidere pi\u00f9 facilmente la soluzione pi\u00f9 adatta alle tue esigenze.<\/li>\n<\/div>\n\n<div class=\"mx-5 sm:mx-0 prose text-left mb-5\">\n<li><strong>Suggerimenti per la carriera e orientamento al lavoro<\/strong><strong><br><\/strong> Dalla stesura del curriculum alla preparazione al colloquio, analizziamo le strategie essenziali per aiutarti a distinguerti e ad andare avanti con sicurezza.<\/li>\n<\/div>\n\n<div class=\"mx-5 sm:mx-0 prose text-left mb-5\">\n<li><strong>Benessere finanziario<\/strong><strong><br><\/strong> Scopri come gestire i tuoi soldi in modo pi\u00f9 saggio, come comprendere gli strumenti di risparmio e di budgeting e come rispondere con chiarezza alle domande finanziarie pi\u00f9 comuni.<\/li>\n<\/div>\n\n<div class=\"mx-5 sm:mx-0 prose text-left mb-5\">\n<li><strong>Corsi online e consigli per l&#039;apprendimento<\/strong><strong><br><\/strong> Scopri idee per corsi, suggerimenti per lo studio e risorse per lo sviluppo delle competenze pi\u00f9 adatte ai tuoi obiettivi e al tuo stile di vita.<\/li>\n<\/div>\n\n<div class=\"mx-5 sm:mx-0 prose text-left mb-5\">\n<li><strong>Approfondimenti sui giochi<\/strong><strong><br><\/strong> Rimani informato sulle ultime tendenze nel mondo dei videogiochi, sui consigli per ottenere il massimo dai tuoi giochi preferiti e sui modi per migliorare la tua esperienza di gioco.<\/li>\n<\/div>\n\n<div class=\"mx-5 sm:mx-0 prose text-left mb-5\">\n<li><strong>Lavoro da remoto e flessibilit\u00e0<\/strong><strong><br><\/strong> Ottieni il massimo dagli strumenti digitali, dalle abitudini di gestione del tempo e dalle piattaforme collaborative che supportano un modo di lavorare moderno e flessibile.<\/li>\n<\/div>\n\n<div class=\"mx-5 sm:mx-0 prose text-left mb-5\">\n<li><strong>Aspetti salienti delle assunzioni e tendenze del mercato<\/strong><strong><br><\/strong> Rimani informato sulle nuove posizioni aperte e sugli aggiornamenti del personale delle principali aziende. Sebbene condividiamo regolarmente queste informazioni, non rappresentiamo n\u00e9 promuoviamo alcuna azienda.<\/li>\n<\/div><\/ul>\n<\/div><!--advertisement--><div class=\"mx-5 sm:mx-0 sm:text-3xl text-2xl font-medium title-font mb-4 text-gray-900 text-left\">\n<h2 class=\"wp-block-heading\">Il nostro approccio<\/h2>\n<\/div><div class=\"mx-5 sm:mx-0 prose leading-relaxed text-lg mb-5 text-left wp-paragraph\">\n<p>More Net Cash \u00e8 una pubblicazione indipendente. Finanziamo il nostro lavoro attraverso la pubblicit\u00e0, ma non vendiamo prodotti, non accettiamo sponsorizzazioni a pagamento e non promuoviamo annunci di lavoro sponsorizzati sotto copertura editoriale.<\/p>\n<\/div><div class=\"mx-5 sm:mx-0 prose leading-relaxed text-lg mb-5 text-left wp-paragraph\">\n<p>Ogni articolo \u00e8 prodotto internamente da un team impegnato a fornire contenuti ben studiati, pertinenti e utili. Non barattiamo la nostra credibilit\u00e0 per i clic. Ci\u00f2 che conta di pi\u00f9 \u00e8 fornirti informazioni di cui ti puoi fidare, senza rumore o pressioni.<\/p>\n<\/div><div class=\"mx-5 sm:mx-0 prose leading-relaxed text-lg mb-5 text-left wp-paragraph\">\n<p>Siamo qui per informare, non per influenzare. Se stai cercando una guida concreta su lavoro, finanze, percorsi di apprendimento o gaming, sei nel posto giusto.<\/p>\n<\/div>","protected":false},"excerpt":{"rendered":"<p>More Net Cash \u00e8 un sito web basato sui contenuti che aiuta i lettori a comprendere le scelte finanziarie, i cambiamenti di carriera, le opportunit\u00e0 di apprendimento e le opzioni di gioco odierne. Pubblichiamo articoli pratici e di facile comprensione incentrati su finanza personale, mercato del lavoro, percorsi formativi e gioco, con l&#039;obiettivo di fornire informazioni pertinenti e affidabili a coloro che desiderano prendere decisioni finanziarie pi\u00f9 consapevoli,... <a class=\"more-link\" href=\"https:\/\/morenetcash.com\/it\/about\/\">Continua a leggere <span class=\"screen-reader-text\">Di<\/span><\/a><\/p>","protected":false},"author":3,"featured_media":0,"parent":0,"menu_order":0,"comment_status":"closed","ping_status":"closed","template":"","meta":[],"yoast_head":"<!-- This site is optimized with the Yoast SEO plugin v19.1 - https:\/\/yoast.com\/wordpress\/plugins\/seo\/ -->\n<title>About - More Net Cash<\/title>\n<meta name=\"description\" content=\"At More Net Cash, we are dedicated to researching and providing expert advice on top-market mobile applications, software solutions, and online careers.\" \/>\n<meta name=\"robots\" content=\"index, follow, max-snippet:-1, max-image-preview:large, max-video-preview:-1\" \/>\n<link rel=\"canonical\" href=\"https:\/\/morenetcash.com\/it\/about\/\" \/>\n<meta property=\"og:locale\" content=\"it_IT\" \/>\n<meta property=\"og:type\" content=\"article\" \/>\n<meta property=\"og:title\" content=\"About - More Net Cash\" \/>\n<meta property=\"og:description\" content=\"At More Net Cash, we are dedicated to researching and providing expert advice on top-market mobile applications, software solutions, and online careers.\" \/>\n<meta property=\"og:url\" content=\"https:\/\/morenetcash.com\/it\/about\/\" \/>\n<meta property=\"og:site_name\" content=\"More Net Cash\" \/>\n<meta property=\"article:modified_time\" content=\"2025-10-29T12:25:15+00:00\" \/>\n<meta name=\"twitter:card\" content=\"summary_large_image\" \/>\n<meta name=\"twitter:label1\" content=\"Est. reading time\" \/>\n\t<meta name=\"twitter:data1\" content=\"3 minuti\" \/>\n<script type=\"application\/ld+json\" class=\"yoast-schema-graph\">{\"@context\":\"https:\/\/schema.org\",\"@graph\":[{\"@type\":\"Organization\",\"@id\":\"https:\/\/morenetcash.com\/#organization\",\"name\":\"More Net Cash\",\"url\":\"https:\/\/morenetcash.com\/\",\"sameAs\":[],\"logo\":{\"@type\":\"ImageObject\",\"inLanguage\":\"it-IT\",\"@id\":\"https:\/\/morenetcash.com\/#\/schema\/logo\/image\/\",\"url\":\"https:\/\/morenetcash.com\/wp-content\/uploads\/2023\/07\/More-Net-Cash-logo-copy.jpg\",\"contentUrl\":\"https:\/\/morenetcash.com\/wp-content\/uploads\/2023\/07\/More-Net-Cash-logo-copy.jpg\",\"width\":378,\"height\":164,\"caption\":\"More Net Cash\"},\"image\":{\"@id\":\"https:\/\/morenetcash.com\/#\/schema\/logo\/image\/\"}},{\"@type\":\"WebSite\",\"@id\":\"https:\/\/morenetcash.com\/#website\",\"url\":\"https:\/\/morenetcash.com\/\",\"name\":\"More Net Cash\",\"description\":\"Financial Products Reviews\",\"publisher\":{\"@id\":\"https:\/\/morenetcash.com\/#organization\"},\"potentialAction\":[{\"@type\":\"SearchAction\",\"target\":{\"@type\":\"EntryPoint\",\"urlTemplate\":\"https:\/\/morenetcash.com\/?s={search_term_string}\"},\"query-input\":\"required name=search_term_string\"}],\"inLanguage\":\"it-IT\"},{\"@type\":\"WebPage\",\"@id\":\"https:\/\/morenetcash.com\/about\/#webpage\",\"url\":\"https:\/\/morenetcash.com\/about\/\",\"name\":\"About - More Net Cash\",\"isPartOf\":{\"@id\":\"https:\/\/morenetcash.com\/#website\"},\"datePublished\":\"2023-07-23T21:28:58+00:00\",\"dateModified\":\"2025-10-29T12:25:15+00:00\",\"description\":\"At More Net Cash, we are dedicated to researching and providing expert advice on top-market mobile applications, software solutions, and online careers.\",\"breadcrumb\":{\"@id\":\"https:\/\/morenetcash.com\/about\/#breadcrumb\"},\"inLanguage\":\"it-IT\",\"potentialAction\":[{\"@type\":\"ReadAction\",\"target\":[\"https:\/\/morenetcash.com\/about\/\"]}]},{\"@type\":\"BreadcrumbList\",\"@id\":\"https:\/\/morenetcash.com\/about\/#breadcrumb\",\"itemListElement\":[{\"@type\":\"ListItem\",\"position\":1,\"name\":\"Home\",\"item\":\"https:\/\/morenetcash.com\/\"},{\"@type\":\"ListItem\",\"position\":2,\"name\":\"About\"}]}]}<\/script>\n<!-- \/ Yoast SEO plugin. -->","yoast_head_json":{"title":"About - More Net Cash","description":"At More Net Cash, we are dedicated to researching and providing expert advice on top-market mobile applications, software solutions, and online careers.","robots":{"index":"index","follow":"follow","max-snippet":"max-snippet:-1","max-image-preview":"max-image-preview:large","max-video-preview":"max-video-preview:-1"},"canonical":"https:\/\/morenetcash.com\/it\/about\/","og_locale":"it_IT","og_type":"article","og_title":"About - More Net Cash","og_description":"At More Net Cash, we are dedicated to researching and providing expert advice on top-market mobile applications, software solutions, and online careers.","og_url":"https:\/\/morenetcash.com\/it\/about\/","og_site_name":"More Net Cash","article_modified_time":"2025-10-29T12:25:15+00:00","twitter_card":"summary_large_image","twitter_misc":{"Est. reading time":"3 minuti"},"schema":{"@context":"https:\/\/schema.org","@graph":[{"@type":"Organization","@id":"https:\/\/morenetcash.com\/#organization","name":"More Net Cash","url":"https:\/\/morenetcash.com\/","sameAs":[],"logo":{"@type":"ImageObject","inLanguage":"it-IT","@id":"https:\/\/morenetcash.com\/#\/schema\/logo\/image\/","url":"https:\/\/morenetcash.com\/wp-content\/uploads\/2023\/07\/More-Net-Cash-logo-copy.jpg","contentUrl":"https:\/\/morenetcash.com\/wp-content\/uploads\/2023\/07\/More-Net-Cash-logo-copy.jpg","width":378,"height":164,"caption":"More Net Cash"},"image":{"@id":"https:\/\/morenetcash.com\/#\/schema\/logo\/image\/"}},{"@type":"WebSite","@id":"https:\/\/morenetcash.com\/#website","url":"https:\/\/morenetcash.com\/","name":"More Net Cash","description":"Financial Products Reviews","publisher":{"@id":"https:\/\/morenetcash.com\/#organization"},"potentialAction":[{"@type":"SearchAction","target":{"@type":"EntryPoint","urlTemplate":"https:\/\/morenetcash.com\/?s={search_term_string}"},"query-input":"required name=search_term_string"}],"inLanguage":"it-IT"},{"@type":"WebPage","@id":"https:\/\/morenetcash.com\/about\/#webpage","url":"https:\/\/morenetcash.com\/about\/","name":"About - More Net Cash","isPartOf":{"@id":"https:\/\/morenetcash.com\/#website"},"datePublished":"2023-07-23T21:28:58+00:00","dateModified":"2025-10-29T12:25:15+00:00","description":"At More Net Cash, we are dedicated to researching and providing expert advice on top-market mobile applications, software solutions, and online careers.","breadcrumb":{"@id":"https:\/\/morenetcash.com\/about\/#breadcrumb"},"inLanguage":"it-IT","potentialAction":[{"@type":"ReadAction","target":["https:\/\/morenetcash.com\/about\/"]}]},{"@type":"BreadcrumbList","@id":"https:\/\/morenetcash.com\/about\/#breadcrumb","itemListElement":[{"@type":"ListItem","position":1,"name":"Home","item":"https:\/\/morenetcash.com\/"},{"@type":"ListItem","position":2,"name":"About"}]}]}},"_links":{"self":[{"href":"https:\/\/morenetcash.com\/it\/wp-json\/wp\/v2\/pages\/156"}],"collection":[{"href":"https:\/\/morenetcash.com\/it\/wp-json\/wp\/v2\/pages"}],"about":[{"href":"https:\/\/morenetcash.com\/it\/wp-json\/wp\/v2\/types\/page"}],"author":[{"embeddable":true,"href":"https:\/\/morenetcash.com\/it\/wp-json\/wp\/v2\/users\/3"}],"replies":[{"embeddable":true,"href":"https:\/\/morenetcash.com\/it\/wp-json\/wp\/v2\/comments?post=156"}],"version-history":[{"count":0,"href":"https:\/\/morenetcash.com\/it\/wp-json\/wp\/v2\/pages\/156\/revisions"}],"wp:attachment":[{"href":"https:\/\/morenetcash.com\/it\/wp-json\/wp\/v2\/media?parent=156"}],"curies":[{"name":"wp","href":"https:\/\/api.w.org\/{rel}","templated":true}]}}