{"id":156,"date":"2023-07-23T21:28:58","date_gmt":"2023-07-23T21:28:58","guid":{"rendered":"https:\/\/morenetcash.com\/?page_id=156"},"modified":"2025-10-29T12:25:15","modified_gmt":"2025-10-29T12:25:15","slug":"about","status":"publish","type":"page","link":"https:\/\/morenetcash.com\/fi\/about\/","title":{"rendered":"Noin"},"content":{"rendered":"<div class=\"mx-5 sm:mx-0 prose leading-relaxed text-lg mb-5 text-left wp-paragraph\">\n<p>More Net Cash on sis\u00e4lt\u00f6vetoinen verkkosivusto, joka auttaa lukijoita ymm\u00e4rt\u00e4m\u00e4\u00e4n t\u00e4m\u00e4n p\u00e4iv\u00e4n taloudellisia valintoja, uravalintoja, oppimismahdollisuuksia ja pelivaihtoehtoja. Julkaisemme k\u00e4yt\u00e4nn\u00f6llisi\u00e4 ja helposti ymm\u00e4rrett\u00e4vi\u00e4 artikkeleita, jotka keskittyv\u00e4t henkil\u00f6kohtaiseen talouteen, ty\u00f6markkinoihin, koulutuspolkuihin ja pelaamiseen. Tavoitteenamme on tarjota relevanttia ja luotettavaa tietoa niille, jotka haluavat tehd\u00e4 fiksumpia taloudellisia p\u00e4\u00e4t\u00f6ksi\u00e4, kasvaa ammatillisesti ja nauttia suosikkipeleist\u00e4\u00e4n.<\/p>\n<\/div><div class=\"mx-5 sm:mx-0 prose leading-relaxed text-lg mb-5 text-left wp-paragraph\">\n<p>Tavoitteenamme on yksinkertaistaa monimutkaisia aiheita. Olitpa sitten vertailemassa luottokortteja, henkil\u00f6kohtaisia lainoja, ty\u00f6nhaussa tai uusien pelien l\u00f6yt\u00e4misess\u00e4, sis\u00e4lt\u00f6mme tarjoaa selkeit\u00e4 ja toiminnallisia n\u00e4kemyksi\u00e4 myym\u00e4tt\u00e4 palveluita tai yhdist\u00e4m\u00e4tt\u00e4 ty\u00f6nhakijoita ty\u00f6nantajiin. Sen sijaan tarjoamme riippumatonta tietoa, joka auttaa sinua ajattelemaan selke\u00e4sti ja toimimaan tarkoituksenmukaisesti.<\/p>\n<\/div><div class=\"mx-5 sm:mx-0 prose leading-relaxed text-lg mb-5 text-left wp-paragraph\">\n<p>L\u00f6yd\u00e4t s\u00e4\u00e4nn\u00f6llisesti p\u00e4ivittyvi\u00e4 julkaisuja rahoitustuotteista, kuten luottokorteista ja lainavaihtoehdoista, sek\u00e4 rekrytointitrendeist\u00e4, osaamisen kehitt\u00e4misest\u00e4, talouslukutaidosta ja n\u00e4kemyksi\u00e4 uusimmista pelialan uutisista. Lis\u00e4ksi tarjoamme kuratoitua sis\u00e4lt\u00f6\u00e4 et\u00e4ty\u00f6st\u00e4, verkko-oppimisesta, uranvaihdoksista ja pelikokemuksista. Vaikka usein nostamme esiin ty\u00f6mahdollisuuksia ja ty\u00f6voimap\u00e4ivityksi\u00e4, meill\u00e4 ei ole yhteyksi\u00e4 mihink\u00e4\u00e4n t\u00e4\u00e4ll\u00e4 esiteltyyn yritykseen tai organisaatioon.<\/p>\n<\/div><!--advertisement--><div class=\"mx-5 sm:mx-0 sm:text-3xl text-2xl font-medium title-font mb-4 text-gray-900 text-left\">\n<h2 class=\"wp-block-heading\">Missiomme<\/h2>\n<\/div><div class=\"mx-5 sm:mx-0 prose leading-relaxed text-lg mb-5 text-left wp-paragraph\">\n<p>Haluamme auttaa ihmisi\u00e4 kaikissa el\u00e4m\u00e4nvaiheissa tuntemaan olonsa itsevarmemmaksi seuraavaa askeltaan kohtaan, olipa kyseess\u00e4 sitten uuden ty\u00f6paikan aloittaminen, taloudellisten tapojen parantaminen, oikean kurssin valitseminen taitojen kehitt\u00e4miseksi tai j\u00e4nnitt\u00e4vien uusien pelien l\u00f6yt\u00e4minen. Missiomme on tarjota sinulle faktoja, kontekstia ja ideoita, jotka tukevat tavoitteitasi lupaamatta oikoteit\u00e4 tai tuloksia yhdess\u00e4 y\u00f6ss\u00e4.<\/p>\n<\/div><div class=\"mx-5 sm:mx-0 prose leading-relaxed text-lg mb-5 text-left wp-paragraph\">\n<p>Uskomme, ett\u00e4 edistyminen perustuu selke\u00e4\u00e4n tietoon ja pieniin, johdonmukaisiin tekoihin. Siksi k\u00e4yt\u00e4mme aikaa t\u00e4rkeiden asioiden tutkimiseen ja esit\u00e4mme ne helposti ymm\u00e4rrett\u00e4v\u00e4ll\u00e4, sovellettavalla ja paineettomalla tavalla.<\/p>\n<\/div><!--advertisement--><div class=\"mx-5 sm:mx-0 sm:text-3xl text-2xl font-medium title-font mb-4 text-gray-900 text-left\">\n<h2 class=\"wp-block-heading\">Mit\u00e4 l\u00f6yd\u00e4t t\u00e4\u00e4lt\u00e4<\/h2>\n<\/div><div class=\"mx-5 sm:mx-0 prose leading-relaxed text-lg mb-5 text-left wp-paragraph\">\n<p>Sis\u00e4lt\u00f6mme on j\u00e4rjestetty tukemaan henkil\u00f6kohtaista ja ammatillista kehityst\u00e4si eri n\u00e4k\u00f6kulmista:<\/p>\n<\/div><div class=\"mx-5 sm:mx-0 prose text-left mb-5\">\n<ul><div class=\"mx-5 sm:mx-0 prose text-left mb-5\">\n<li><strong>Luottokortit ja henkil\u00f6kohtaiset lainat<\/strong><strong><br><\/strong> Vertaile parhaita vaihtoehtoja luottokorteille, henkil\u00f6kohtaisille lainoille ja muille rahoitusratkaisuille. Tarjoamme yksityiskohtaisia analyysej\u00e4 eri rahoitustuotteiden eduista ja haitoista, jotta sinun on helpompi p\u00e4\u00e4tt\u00e4\u00e4, mik\u00e4 sopii sinulle parhaiten.<\/li>\n<\/div>\n\n<div class=\"mx-5 sm:mx-0 prose text-left mb-5\">\n<li><strong>Uravinkkej\u00e4 ja ty\u00f6nohjausta<\/strong><strong><br><\/strong> Ansioluettelon kirjoittamisesta haastatteluun valmistautumiseen, k\u00e4ymme l\u00e4pi t\u00e4rkeimm\u00e4t strategiat, jotka auttavat sinua erottumaan joukosta ja etenem\u00e4\u00e4n itsevarmasti.<\/li>\n<\/div>\n\n<div class=\"mx-5 sm:mx-0 prose text-left mb-5\">\n<li><strong>Taloudellinen hyvinvointi<\/strong><strong><br><\/strong> Opi k\u00e4sittelem\u00e4\u00e4n raha-asioitasi viisaammin, ymm\u00e4rr\u00e4 s\u00e4\u00e4st\u00f6- ja budjetointity\u00f6kaluja ja selvit\u00e4 yleisist\u00e4 talouskysymyksist\u00e4 selke\u00e4sti.<\/li>\n<\/div>\n\n<div class=\"mx-5 sm:mx-0 prose text-left mb-5\">\n<li><strong>Verkkokurssit ja oppimisneuvonta<\/strong><strong><br><\/strong> L\u00f6yd\u00e4 kurssi-ideoita, opiskeluvinkkej\u00e4 ja taitojasi kehitt\u00e4vi\u00e4 resursseja, jotka ovat tavoitteidesi ja el\u00e4m\u00e4ntyylisi mukaisia.<\/li>\n<\/div>\n\n<div class=\"mx-5 sm:mx-0 prose text-left mb-5\">\n<li><strong>Pelialan n\u00e4kemykset<\/strong><strong><br><\/strong> Pysy ajan tasalla pelialan uusimmista trendeist\u00e4, vinkeist\u00e4, joiden avulla saat kaiken irti suosikkipeleist\u00e4si, ja tavoista parantaa pelikokemustasi.<\/li>\n<\/div>\n\n<div class=\"mx-5 sm:mx-0 prose text-left mb-5\">\n<li><strong>Et\u00e4ty\u00f6 ja joustavuus<\/strong><strong><br><\/strong> Hy\u00f6dynn\u00e4 digitaalisia ty\u00f6kaluja, ajanhallintatottumuksia ja yhteisty\u00f6alustoja, jotka tukevat modernia ja joustavaa ty\u00f6skentelytapaa.<\/li>\n<\/div>\n\n<div class=\"mx-5 sm:mx-0 prose text-left mb-5\">\n<li><strong>Rekrytoinnin kohokohdat ja markkinatrendit<\/strong><strong><br><\/strong> Pysy ajan tasalla uusista avoimista ty\u00f6paikoista ja ty\u00f6voimap\u00e4ivityksist\u00e4 suurilta ty\u00f6nantajilta. Vaikka jaamme n\u00e4it\u00e4 tietoja s\u00e4\u00e4nn\u00f6llisesti, emme edusta tai mainosta mit\u00e4\u00e4n yrityst\u00e4.<\/li>\n<\/div><\/ul>\n<\/div><!--advertisement--><div class=\"mx-5 sm:mx-0 sm:text-3xl text-2xl font-medium title-font mb-4 text-gray-900 text-left\">\n<h2 class=\"wp-block-heading\">L\u00e4hestymistapamme<\/h2>\n<\/div><div class=\"mx-5 sm:mx-0 prose leading-relaxed text-lg mb-5 text-left wp-paragraph\">\n<p>More Net Cash on itsen\u00e4inen julkaisu. Rahoitamme ty\u00f6mme mainonnalla, mutta emme myy tuotteita, ota vastaan maksullisia suosituksia tai julkaise sponsoroituja ty\u00f6paikkailmoituksia toimituksellisen naamion avulla.<\/p>\n<\/div><div class=\"mx-5 sm:mx-0 prose leading-relaxed text-lg mb-5 text-left wp-paragraph\">\n<p>Jokainen artikkeli on tuotettu talon sis\u00e4ll\u00e4 tiimin toimesta, joka on sitoutunut tuottamaan hyvin tutkittua, relevanttia ja hy\u00f6dyllist\u00e4 sis\u00e4lt\u00f6\u00e4. Emme vaihda uskottavuuttamme klikkauksiin. T\u00e4rkeint\u00e4 on tarjota sinulle tietoa, johon voit luottaa \u2013 ilman melua tai painostusta.<\/p>\n<\/div><div class=\"mx-5 sm:mx-0 prose leading-relaxed text-lg mb-5 text-left wp-paragraph\">\n<p>Olemme t\u00e4\u00e4ll\u00e4 tiedottamassa, emme vaikuttamassa. Jos etsit perusteltua ohjausta ty\u00f6paikkoihin, talouteen, oppimispolkuihin tai pelaamiseen liittyen, olet tullut oikeaan paikkaan.<\/p>\n<\/div>","protected":false},"excerpt":{"rendered":"<p>More Net Cash on sis\u00e4lt\u00f6vetoinen verkkosivusto, joka auttaa lukijoita ymm\u00e4rt\u00e4m\u00e4\u00e4n t\u00e4m\u00e4n p\u00e4iv\u00e4n taloudellisia valintoja, uravaihtoehtoja, oppimismahdollisuuksia ja pelivaihtoehtoja. Julkaisemme k\u00e4yt\u00e4nn\u00f6llisi\u00e4 ja helposti ymm\u00e4rrett\u00e4vi\u00e4 artikkeleita, jotka keskittyv\u00e4t henkil\u00f6kohtaiseen talouteen, ty\u00f6markkinoihin, koulutuspolkuihin ja pelaamiseen. Tavoitteenamme on tarjota relevanttia ja luotettavaa tietoa niille, jotka haluavat tehd\u00e4 fiksumpia taloudellisia p\u00e4\u00e4t\u00f6ksi\u00e4\u2026 <a class=\"more-link\" href=\"https:\/\/morenetcash.com\/fi\/about\/\">Jatka lukemista <span class=\"screen-reader-text\">Noin<\/span><\/a><\/p>","protected":false},"author":3,"featured_media":0,"parent":0,"menu_order":0,"comment_status":"closed","ping_status":"closed","template":"","meta":[],"yoast_head":"<!-- This site is optimized with the Yoast SEO plugin v19.1 - https:\/\/yoast.com\/wordpress\/plugins\/seo\/ -->\n<title>About - More Net Cash<\/title>\n<meta name=\"description\" content=\"At More Net Cash, we are dedicated to researching and providing expert advice on top-market mobile applications, software solutions, and online careers.\" \/>\n<meta name=\"robots\" content=\"index, follow, max-snippet:-1, max-image-preview:large, max-video-preview:-1\" \/>\n<link rel=\"canonical\" href=\"https:\/\/morenetcash.com\/fi\/about\/\" \/>\n<meta property=\"og:locale\" content=\"fi_FI\" \/>\n<meta property=\"og:type\" content=\"article\" \/>\n<meta property=\"og:title\" content=\"About - More Net Cash\" \/>\n<meta property=\"og:description\" content=\"At More Net Cash, we are dedicated to researching and providing expert advice on top-market mobile applications, software solutions, and online careers.\" \/>\n<meta property=\"og:url\" content=\"https:\/\/morenetcash.com\/fi\/about\/\" \/>\n<meta property=\"og:site_name\" content=\"More Net Cash\" \/>\n<meta property=\"article:modified_time\" content=\"2025-10-29T12:25:15+00:00\" \/>\n<meta name=\"twitter:card\" content=\"summary_large_image\" \/>\n<meta name=\"twitter:label1\" content=\"Est. reading time\" \/>\n\t<meta name=\"twitter:data1\" content=\"3 minuuttia\" \/>\n<script type=\"application\/ld+json\" class=\"yoast-schema-graph\">{\"@context\":\"https:\/\/schema.org\",\"@graph\":[{\"@type\":\"Organization\",\"@id\":\"https:\/\/morenetcash.com\/#organization\",\"name\":\"More Net Cash\",\"url\":\"https:\/\/morenetcash.com\/\",\"sameAs\":[],\"logo\":{\"@type\":\"ImageObject\",\"inLanguage\":\"fi\",\"@id\":\"https:\/\/morenetcash.com\/#\/schema\/logo\/image\/\",\"url\":\"https:\/\/morenetcash.com\/wp-content\/uploads\/2023\/07\/More-Net-Cash-logo-copy.jpg\",\"contentUrl\":\"https:\/\/morenetcash.com\/wp-content\/uploads\/2023\/07\/More-Net-Cash-logo-copy.jpg\",\"width\":378,\"height\":164,\"caption\":\"More Net Cash\"},\"image\":{\"@id\":\"https:\/\/morenetcash.com\/#\/schema\/logo\/image\/\"}},{\"@type\":\"WebSite\",\"@id\":\"https:\/\/morenetcash.com\/#website\",\"url\":\"https:\/\/morenetcash.com\/\",\"name\":\"More Net Cash\",\"description\":\"Financial Products Reviews\",\"publisher\":{\"@id\":\"https:\/\/morenetcash.com\/#organization\"},\"potentialAction\":[{\"@type\":\"SearchAction\",\"target\":{\"@type\":\"EntryPoint\",\"urlTemplate\":\"https:\/\/morenetcash.com\/?s={search_term_string}\"},\"query-input\":\"required name=search_term_string\"}],\"inLanguage\":\"fi\"},{\"@type\":\"WebPage\",\"@id\":\"https:\/\/morenetcash.com\/about\/#webpage\",\"url\":\"https:\/\/morenetcash.com\/about\/\",\"name\":\"About - More Net Cash\",\"isPartOf\":{\"@id\":\"https:\/\/morenetcash.com\/#website\"},\"datePublished\":\"2023-07-23T21:28:58+00:00\",\"dateModified\":\"2025-10-29T12:25:15+00:00\",\"description\":\"At More Net Cash, we are dedicated to researching and providing expert advice on top-market mobile applications, software solutions, and online careers.\",\"breadcrumb\":{\"@id\":\"https:\/\/morenetcash.com\/about\/#breadcrumb\"},\"inLanguage\":\"fi\",\"potentialAction\":[{\"@type\":\"ReadAction\",\"target\":[\"https:\/\/morenetcash.com\/about\/\"]}]},{\"@type\":\"BreadcrumbList\",\"@id\":\"https:\/\/morenetcash.com\/about\/#breadcrumb\",\"itemListElement\":[{\"@type\":\"ListItem\",\"position\":1,\"name\":\"Home\",\"item\":\"https:\/\/morenetcash.com\/\"},{\"@type\":\"ListItem\",\"position\":2,\"name\":\"About\"}]}]}<\/script>\n<!-- \/ Yoast SEO plugin. -->","yoast_head_json":{"title":"About - More Net Cash","description":"At More Net Cash, we are dedicated to researching and providing expert advice on top-market mobile applications, software solutions, and online careers.","robots":{"index":"index","follow":"follow","max-snippet":"max-snippet:-1","max-image-preview":"max-image-preview:large","max-video-preview":"max-video-preview:-1"},"canonical":"https:\/\/morenetcash.com\/fi\/about\/","og_locale":"fi_FI","og_type":"article","og_title":"About - More Net Cash","og_description":"At More Net Cash, we are dedicated to researching and providing expert advice on top-market mobile applications, software solutions, and online careers.","og_url":"https:\/\/morenetcash.com\/fi\/about\/","og_site_name":"More Net Cash","article_modified_time":"2025-10-29T12:25:15+00:00","twitter_card":"summary_large_image","twitter_misc":{"Est. reading time":"3 minuuttia"},"schema":{"@context":"https:\/\/schema.org","@graph":[{"@type":"Organization","@id":"https:\/\/morenetcash.com\/#organization","name":"More Net Cash","url":"https:\/\/morenetcash.com\/","sameAs":[],"logo":{"@type":"ImageObject","inLanguage":"fi","@id":"https:\/\/morenetcash.com\/#\/schema\/logo\/image\/","url":"https:\/\/morenetcash.com\/wp-content\/uploads\/2023\/07\/More-Net-Cash-logo-copy.jpg","contentUrl":"https:\/\/morenetcash.com\/wp-content\/uploads\/2023\/07\/More-Net-Cash-logo-copy.jpg","width":378,"height":164,"caption":"More Net Cash"},"image":{"@id":"https:\/\/morenetcash.com\/#\/schema\/logo\/image\/"}},{"@type":"WebSite","@id":"https:\/\/morenetcash.com\/#website","url":"https:\/\/morenetcash.com\/","name":"More Net Cash","description":"Financial Products Reviews","publisher":{"@id":"https:\/\/morenetcash.com\/#organization"},"potentialAction":[{"@type":"SearchAction","target":{"@type":"EntryPoint","urlTemplate":"https:\/\/morenetcash.com\/?s={search_term_string}"},"query-input":"required name=search_term_string"}],"inLanguage":"fi"},{"@type":"WebPage","@id":"https:\/\/morenetcash.com\/about\/#webpage","url":"https:\/\/morenetcash.com\/about\/","name":"About - More Net Cash","isPartOf":{"@id":"https:\/\/morenetcash.com\/#website"},"datePublished":"2023-07-23T21:28:58+00:00","dateModified":"2025-10-29T12:25:15+00:00","description":"At More Net Cash, we are dedicated to researching and providing expert advice on top-market mobile applications, software solutions, and online careers.","breadcrumb":{"@id":"https:\/\/morenetcash.com\/about\/#breadcrumb"},"inLanguage":"fi","potentialAction":[{"@type":"ReadAction","target":["https:\/\/morenetcash.com\/about\/"]}]},{"@type":"BreadcrumbList","@id":"https:\/\/morenetcash.com\/about\/#breadcrumb","itemListElement":[{"@type":"ListItem","position":1,"name":"Home","item":"https:\/\/morenetcash.com\/"},{"@type":"ListItem","position":2,"name":"About"}]}]}},"_links":{"self":[{"href":"https:\/\/morenetcash.com\/fi\/wp-json\/wp\/v2\/pages\/156"}],"collection":[{"href":"https:\/\/morenetcash.com\/fi\/wp-json\/wp\/v2\/pages"}],"about":[{"href":"https:\/\/morenetcash.com\/fi\/wp-json\/wp\/v2\/types\/page"}],"author":[{"embeddable":true,"href":"https:\/\/morenetcash.com\/fi\/wp-json\/wp\/v2\/users\/3"}],"replies":[{"embeddable":true,"href":"https:\/\/morenetcash.com\/fi\/wp-json\/wp\/v2\/comments?post=156"}],"version-history":[{"count":0,"href":"https:\/\/morenetcash.com\/fi\/wp-json\/wp\/v2\/pages\/156\/revisions"}],"wp:attachment":[{"href":"https:\/\/morenetcash.com\/fi\/wp-json\/wp\/v2\/media?parent=156"}],"curies":[{"name":"wp","href":"https:\/\/api.w.org\/{rel}","templated":true}]}}