{"id":156,"date":"2023-07-23T21:28:58","date_gmt":"2023-07-23T21:28:58","guid":{"rendered":"https:\/\/morenetcash.com\/?page_id=156"},"modified":"2025-10-29T12:25:15","modified_gmt":"2025-10-29T12:25:15","slug":"about","status":"publish","type":"page","link":"https:\/\/morenetcash.com\/et\/about\/","title":{"rendered":"Teave"},"content":{"rendered":"<div class=\"mx-5 sm:mx-0 prose leading-relaxed text-lg mb-5 text-left wp-paragraph\">\n<p>More Net Cash on sisup\u00f5hine veebisait, mis aitab lugejatel m\u00f5ista t\u00e4nap\u00e4eva finantsvalikuid, karj\u00e4\u00e4rivalikuid, \u00f5ppimisv\u00f5imalusi ja m\u00e4nguv\u00f5imalusi. Avaldame praktilisi ja h\u00f5lpsasti m\u00f5istetavaid artikleid, mis keskenduvad isiklikele rahaasjadele, t\u00f6\u00f6turule, haridusteedele ja m\u00e4ngudele, eesm\u00e4rgiga pakkuda asjakohast ja usaldusv\u00e4\u00e4rset teavet neile, kes soovivad teha targemaid finantsotsuseid, professionaalselt areneda ja oma lemmikm\u00e4nge nautida.<\/p>\n<\/div><div class=\"mx-5 sm:mx-0 prose leading-relaxed text-lg mb-5 text-left wp-paragraph\">\n<p>Meie eesm\u00e4rk on lihtsustada keerulisi teemasid. Olenemata sellest, kas v\u00f5rdlete krediitkaarte, isiklikke laene, otsite t\u00f6\u00f6d v\u00f5i avastate uusi m\u00e4nge, pakub meie sisu selgeid ja praktilisi teadmisi ilma teenuseid m\u00fc\u00fcmata v\u00f5i kandidaate t\u00f6\u00f6andjatega \u00fchendamata. Selle asemel pakume s\u00f5ltumatut teavet, mis aitab teil selgelt m\u00f5elda ja eesm\u00e4rgip\u00e4raselt tegutseda.<\/p>\n<\/div><div class=\"mx-5 sm:mx-0 prose leading-relaxed text-lg mb-5 text-left wp-paragraph\">\n<p>Leiad regulaarselt uuendatavaid postitusi finantstoodete, n\u00e4iteks krediitkaartide ja laenuv\u00f5imaluste kohta, aga ka v\u00e4rbamistrendide, oskuste arendamise, finantskirjaoskuse ja viimaste m\u00e4nguuudiste kohta. Lisaks pakume kureeritud sisu kaugt\u00f6\u00f6, veebip\u00f5hise \u00f5ppe, karj\u00e4\u00e4rimuutuste ja m\u00e4ngukogemuste kohta. Kuigi me sageli esile t\u00f5stame t\u00f6\u00f6v\u00f5imalusi ja t\u00f6\u00f6j\u00f5u v\u00e4rskendusi, ei ole meil mingeid sidemeid \u00fchegi siin kajastatud ettev\u00f5tte ega organisatsiooniga.<\/p>\n<\/div><!--advertisement--><div class=\"mx-5 sm:mx-0 sm:text-3xl text-2xl font-medium title-font mb-4 text-gray-900 text-left\">\n<h2 class=\"wp-block-heading\">Meie missioon<\/h2>\n<\/div><div class=\"mx-5 sm:mx-0 prose leading-relaxed text-lg mb-5 text-left wp-paragraph\">\n<p>Soovime aidata inimestel igas eluetapis tunda end oma j\u00e4rgmise sammu suhtes enesekindlamalt, olgu selleks siis uue t\u00f6\u00f6koha alustamine, finantsharjumuste parandamine, oskuste t\u00e4iendamiseks \u00f5ige tee valimine v\u00f5i p\u00f5nevate uute m\u00e4ngude avastamine. Meie missioon on pakkuda teile fakte, konteksti ja ideid, mis toetavad teie eesm\u00e4rke ilma otseteid v\u00f5i \u00fcle\u00f6\u00f6 tulemusi lubamata.<\/p>\n<\/div><div class=\"mx-5 sm:mx-0 prose leading-relaxed text-lg mb-5 text-left wp-paragraph\">\n<p>Usume, et edasiminek tugineb selgetele teadmistele ja v\u00e4ikestele, j\u00e4rjepidevatele tegudele. Seep\u00e4rast v\u00f5tame aega, et uurida, mis on oluline, ja esitame selle viisil, mis on kergesti loetav, h\u00f5lpsasti rakendatav ja survevaba.<\/p>\n<\/div><!--advertisement--><div class=\"mx-5 sm:mx-0 sm:text-3xl text-2xl font-medium title-font mb-4 text-gray-900 text-left\">\n<h2 class=\"wp-block-heading\">Mida te siit leiate<\/h2>\n<\/div><div class=\"mx-5 sm:mx-0 prose leading-relaxed text-lg mb-5 text-left wp-paragraph\">\n<p>Meie sisu on \u00fcles ehitatud toetama teie isiklikku ja professionaalset arengut erinevate vaatenurkade alt:<\/p>\n<\/div><div class=\"mx-5 sm:mx-0 prose text-left mb-5\">\n<ul><div class=\"mx-5 sm:mx-0 prose text-left mb-5\">\n<li><strong>Krediitkaardid ja isiklikud laenud<\/strong><strong><br><\/strong> V\u00f5rdle parimaid krediitkaartide, laenude ja muude finantslahenduste valikuid. Pakume \u00fcksikasjalikke anal\u00fc\u00fcse erinevate finantstoodete plusside ja miinuste kohta, et teil oleks lihtsam otsustada, milline neist teile sobib.<\/li>\n<\/div>\n\n<div class=\"mx-5 sm:mx-0 prose text-left mb-5\">\n<li><strong>Karj\u00e4\u00e4rin\u00f5uanded ja t\u00f6\u00f6alane juhendamine<\/strong><strong><br><\/strong> Alates CV kirjutamisest kuni intervjuuks ettevalmistumiseni \u2013 me selgitame v\u00e4lja olulised strateegiad, mis aitavad sul silma paista ja enesekindlalt edasi liikuda.<\/li>\n<\/div>\n\n<div class=\"mx-5 sm:mx-0 prose text-left mb-5\">\n<li><strong>Rahaline heaolu<\/strong><strong><br><\/strong> \u00d5pi, kuidas oma rahaasjadega targemini \u00fcmber k\u00e4ia, m\u00f5ista s\u00e4\u00e4stmis- ja eelarvestamisvahendeid ning vastata selgelt levinud finantsk\u00fcsimustele.<\/li>\n<\/div>\n\n<div class=\"mx-5 sm:mx-0 prose text-left mb-5\">\n<li><strong>Veebikursused ja \u00f5ppimisn\u00f5ustamine<\/strong><strong><br><\/strong> Avastage kursuste ideid, \u00f5ppimisnippe ja oskuste arendamise ressursse, mis on koosk\u00f5las teie eesm\u00e4rkide ja elustiiliga.<\/li>\n<\/div>\n\n<div class=\"mx-5 sm:mx-0 prose text-left mb-5\">\n<li><strong>M\u00e4ngude \u00fclevaated<\/strong><strong><br><\/strong> P\u00fcsige kursis uusimate m\u00e4ngude trendidega, n\u00e4pun\u00e4idetega oma lemmikm\u00e4ngudest maksimumi v\u00f5tmiseks ja viisidega oma m\u00e4ngukogemuse t\u00e4iustamiseks.<\/li>\n<\/div>\n\n<div class=\"mx-5 sm:mx-0 prose text-left mb-5\">\n<li><strong>Kaugt\u00f6\u00f6 ja paindlikkus<\/strong><strong><br><\/strong> Saage maksimaalselt kasu digitaalsetest t\u00f6\u00f6riistadest, ajaplaneerimisharjumustest ja koost\u00f6\u00f6platvormidest, mis toetavad kaasaegset ja paindlikku t\u00f6\u00f6viisi.<\/li>\n<\/div>\n\n<div class=\"mx-5 sm:mx-0 prose text-left mb-5\">\n<li><strong>T\u00f6\u00f6lev\u00f5tmise olulisemad teemad ja turutrendid<\/strong><strong><br><\/strong> P\u00fcsige kursis suuremate t\u00f6\u00f6andjate uute vabade t\u00f6\u00f6kohtade ja t\u00f6\u00f6j\u00f5u v\u00e4rskendustega. Kuigi jagame seda teavet regulaarselt, ei esinda ega reklaami me \u00fchtegi ettev\u00f5tet.<\/li>\n<\/div><\/ul>\n<\/div><!--advertisement--><div class=\"mx-5 sm:mx-0 sm:text-3xl text-2xl font-medium title-font mb-4 text-gray-900 text-left\">\n<h2 class=\"wp-block-heading\">Meie l\u00e4henemine<\/h2>\n<\/div><div class=\"mx-5 sm:mx-0 prose leading-relaxed text-lg mb-5 text-left wp-paragraph\">\n<p>More Net Cash on s\u00f5ltumatu v\u00e4ljaanne. Meie t\u00f6\u00f6 rahastatakse reklaamiga, kuid me ei m\u00fc\u00fc tooteid, ei v\u00f5ta vastu tasulisi soovitusi ega avalda sponsoreeritud t\u00f6\u00f6kuulutusi toimetuse maskeeringu all.<\/p>\n<\/div><div class=\"mx-5 sm:mx-0 prose leading-relaxed text-lg mb-5 text-left wp-paragraph\">\n<p>Iga artikli loob meie meeskond, kes on p\u00fchendunud h\u00e4sti l\u00e4bim\u00f5eldud, asjakohase ja kasuliku sisu pakkumisele. Me ei vaheta oma usaldusv\u00e4\u00e4rsust klikkide vastu. K\u00f5ige olulisem on pakkuda teile usaldusv\u00e4\u00e4rset teavet \u2013 ilma m\u00fcra ja surveta.<\/p>\n<\/div><div class=\"mx-5 sm:mx-0 prose leading-relaxed text-lg mb-5 text-left wp-paragraph\">\n<p>Oleme siin teavitamiseks, mitte m\u00f5jutamiseks. Kui otsite p\u00f5hjalikku juhendamist t\u00f6\u00f6, rahanduse, \u00f5ppimisv\u00f5imaluste v\u00f5i m\u00e4ngude kohta, olete \u00f5iges kohas.<\/p>\n<\/div>","protected":false},"excerpt":{"rendered":"<p>More Net Cash on sisup\u00f5hine veebisait, mis aitab lugejatel m\u00f5ista t\u00e4nap\u00e4eva finantsvalikuid, karj\u00e4\u00e4riv\u00f5imalusi, \u00f5ppimisv\u00f5imalusi ja m\u00e4nguv\u00f5imalusi. Avaldame praktilisi ja h\u00f5lpsasti m\u00f5istetavaid artikleid, mis keskenduvad isiklikele rahaasjadele, t\u00f6\u00f6turgudele, haridusteedele ja m\u00e4ngudele, eesm\u00e4rgiga pakkuda asjakohast ja usaldusv\u00e4\u00e4rset teavet neile, kes soovivad teha targemaid finantsotsuseid,\u2026 <a class=\"more-link\" href=\"https:\/\/morenetcash.com\/et\/about\/\">J\u00e4tka lugemist <span class=\"screen-reader-text\">Teave<\/span><\/a><\/p>","protected":false},"author":3,"featured_media":0,"parent":0,"menu_order":0,"comment_status":"closed","ping_status":"closed","template":"","meta":[],"yoast_head":"<!-- This site is optimized with the Yoast SEO plugin v19.1 - https:\/\/yoast.com\/wordpress\/plugins\/seo\/ -->\n<title>About - More Net Cash<\/title>\n<meta name=\"description\" content=\"At More Net Cash, we are dedicated to researching and providing expert advice on top-market mobile applications, software solutions, and online careers.\" \/>\n<meta name=\"robots\" content=\"index, follow, max-snippet:-1, max-image-preview:large, max-video-preview:-1\" \/>\n<link rel=\"canonical\" href=\"https:\/\/morenetcash.com\/et\/about\/\" \/>\n<meta property=\"og:locale\" content=\"et_EE\" \/>\n<meta property=\"og:type\" content=\"article\" \/>\n<meta property=\"og:title\" content=\"About - More Net Cash\" \/>\n<meta property=\"og:description\" content=\"At More Net Cash, we are dedicated to researching and providing expert advice on top-market mobile applications, software solutions, and online careers.\" \/>\n<meta property=\"og:url\" content=\"https:\/\/morenetcash.com\/et\/about\/\" \/>\n<meta property=\"og:site_name\" content=\"More Net Cash\" \/>\n<meta property=\"article:modified_time\" content=\"2025-10-29T12:25:15+00:00\" \/>\n<meta name=\"twitter:card\" content=\"summary_large_image\" \/>\n<meta name=\"twitter:label1\" content=\"Est. reading time\" \/>\n\t<meta name=\"twitter:data1\" content=\"3 minutit\" \/>\n<script type=\"application\/ld+json\" class=\"yoast-schema-graph\">{\"@context\":\"https:\/\/schema.org\",\"@graph\":[{\"@type\":\"Organization\",\"@id\":\"https:\/\/morenetcash.com\/#organization\",\"name\":\"More Net Cash\",\"url\":\"https:\/\/morenetcash.com\/\",\"sameAs\":[],\"logo\":{\"@type\":\"ImageObject\",\"inLanguage\":\"et\",\"@id\":\"https:\/\/morenetcash.com\/#\/schema\/logo\/image\/\",\"url\":\"https:\/\/morenetcash.com\/wp-content\/uploads\/2023\/07\/More-Net-Cash-logo-copy.jpg\",\"contentUrl\":\"https:\/\/morenetcash.com\/wp-content\/uploads\/2023\/07\/More-Net-Cash-logo-copy.jpg\",\"width\":378,\"height\":164,\"caption\":\"More Net Cash\"},\"image\":{\"@id\":\"https:\/\/morenetcash.com\/#\/schema\/logo\/image\/\"}},{\"@type\":\"WebSite\",\"@id\":\"https:\/\/morenetcash.com\/#website\",\"url\":\"https:\/\/morenetcash.com\/\",\"name\":\"More Net Cash\",\"description\":\"Financial Products Reviews\",\"publisher\":{\"@id\":\"https:\/\/morenetcash.com\/#organization\"},\"potentialAction\":[{\"@type\":\"SearchAction\",\"target\":{\"@type\":\"EntryPoint\",\"urlTemplate\":\"https:\/\/morenetcash.com\/?s={search_term_string}\"},\"query-input\":\"required name=search_term_string\"}],\"inLanguage\":\"et\"},{\"@type\":\"WebPage\",\"@id\":\"https:\/\/morenetcash.com\/about\/#webpage\",\"url\":\"https:\/\/morenetcash.com\/about\/\",\"name\":\"About - More Net Cash\",\"isPartOf\":{\"@id\":\"https:\/\/morenetcash.com\/#website\"},\"datePublished\":\"2023-07-23T21:28:58+00:00\",\"dateModified\":\"2025-10-29T12:25:15+00:00\",\"description\":\"At More Net Cash, we are dedicated to researching and providing expert advice on top-market mobile applications, software solutions, and online careers.\",\"breadcrumb\":{\"@id\":\"https:\/\/morenetcash.com\/about\/#breadcrumb\"},\"inLanguage\":\"et\",\"potentialAction\":[{\"@type\":\"ReadAction\",\"target\":[\"https:\/\/morenetcash.com\/about\/\"]}]},{\"@type\":\"BreadcrumbList\",\"@id\":\"https:\/\/morenetcash.com\/about\/#breadcrumb\",\"itemListElement\":[{\"@type\":\"ListItem\",\"position\":1,\"name\":\"Home\",\"item\":\"https:\/\/morenetcash.com\/\"},{\"@type\":\"ListItem\",\"position\":2,\"name\":\"About\"}]}]}<\/script>\n<!-- \/ Yoast SEO plugin. -->","yoast_head_json":{"title":"About - More Net Cash","description":"At More Net Cash, we are dedicated to researching and providing expert advice on top-market mobile applications, software solutions, and online careers.","robots":{"index":"index","follow":"follow","max-snippet":"max-snippet:-1","max-image-preview":"max-image-preview:large","max-video-preview":"max-video-preview:-1"},"canonical":"https:\/\/morenetcash.com\/et\/about\/","og_locale":"et_EE","og_type":"article","og_title":"About - More Net Cash","og_description":"At More Net Cash, we are dedicated to researching and providing expert advice on top-market mobile applications, software solutions, and online careers.","og_url":"https:\/\/morenetcash.com\/et\/about\/","og_site_name":"More Net Cash","article_modified_time":"2025-10-29T12:25:15+00:00","twitter_card":"summary_large_image","twitter_misc":{"Est. reading time":"3 minutit"},"schema":{"@context":"https:\/\/schema.org","@graph":[{"@type":"Organization","@id":"https:\/\/morenetcash.com\/#organization","name":"More Net Cash","url":"https:\/\/morenetcash.com\/","sameAs":[],"logo":{"@type":"ImageObject","inLanguage":"et","@id":"https:\/\/morenetcash.com\/#\/schema\/logo\/image\/","url":"https:\/\/morenetcash.com\/wp-content\/uploads\/2023\/07\/More-Net-Cash-logo-copy.jpg","contentUrl":"https:\/\/morenetcash.com\/wp-content\/uploads\/2023\/07\/More-Net-Cash-logo-copy.jpg","width":378,"height":164,"caption":"More Net Cash"},"image":{"@id":"https:\/\/morenetcash.com\/#\/schema\/logo\/image\/"}},{"@type":"WebSite","@id":"https:\/\/morenetcash.com\/#website","url":"https:\/\/morenetcash.com\/","name":"More Net Cash","description":"Financial Products Reviews","publisher":{"@id":"https:\/\/morenetcash.com\/#organization"},"potentialAction":[{"@type":"SearchAction","target":{"@type":"EntryPoint","urlTemplate":"https:\/\/morenetcash.com\/?s={search_term_string}"},"query-input":"required name=search_term_string"}],"inLanguage":"et"},{"@type":"WebPage","@id":"https:\/\/morenetcash.com\/about\/#webpage","url":"https:\/\/morenetcash.com\/about\/","name":"About - More Net Cash","isPartOf":{"@id":"https:\/\/morenetcash.com\/#website"},"datePublished":"2023-07-23T21:28:58+00:00","dateModified":"2025-10-29T12:25:15+00:00","description":"At More Net Cash, we are dedicated to researching and providing expert advice on top-market mobile applications, software solutions, and online careers.","breadcrumb":{"@id":"https:\/\/morenetcash.com\/about\/#breadcrumb"},"inLanguage":"et","potentialAction":[{"@type":"ReadAction","target":["https:\/\/morenetcash.com\/about\/"]}]},{"@type":"BreadcrumbList","@id":"https:\/\/morenetcash.com\/about\/#breadcrumb","itemListElement":[{"@type":"ListItem","position":1,"name":"Home","item":"https:\/\/morenetcash.com\/"},{"@type":"ListItem","position":2,"name":"About"}]}]}},"_links":{"self":[{"href":"https:\/\/morenetcash.com\/et\/wp-json\/wp\/v2\/pages\/156"}],"collection":[{"href":"https:\/\/morenetcash.com\/et\/wp-json\/wp\/v2\/pages"}],"about":[{"href":"https:\/\/morenetcash.com\/et\/wp-json\/wp\/v2\/types\/page"}],"author":[{"embeddable":true,"href":"https:\/\/morenetcash.com\/et\/wp-json\/wp\/v2\/users\/3"}],"replies":[{"embeddable":true,"href":"https:\/\/morenetcash.com\/et\/wp-json\/wp\/v2\/comments?post=156"}],"version-history":[{"count":0,"href":"https:\/\/morenetcash.com\/et\/wp-json\/wp\/v2\/pages\/156\/revisions"}],"wp:attachment":[{"href":"https:\/\/morenetcash.com\/et\/wp-json\/wp\/v2\/media?parent=156"}],"curies":[{"name":"wp","href":"https:\/\/api.w.org\/{rel}","templated":true}]}}