{"id":156,"date":"2023-07-23T21:28:58","date_gmt":"2023-07-23T21:28:58","guid":{"rendered":"https:\/\/morenetcash.com\/?page_id=156"},"modified":"2025-10-29T12:25:15","modified_gmt":"2025-10-29T12:25:15","slug":"about","status":"publish","type":"page","link":"https:\/\/morenetcash.com\/es\/about\/","title":{"rendered":"Acerca de"},"content":{"rendered":"<div class=\"mx-5 sm:mx-0 prose leading-relaxed text-lg mb-5 text-left wp-paragraph\">\n<p>More Net Cash es un sitio web con contenido que ayuda a sus lectores a comprender las opciones financieras, profesionales, de aprendizaje y de juegos actuales. Publicamos art\u00edculos pr\u00e1cticos y f\u00e1ciles de entender sobre finanzas personales, mercado laboral, educaci\u00f3n y videojuegos, con el objetivo de brindar informaci\u00f3n relevante y confiable a quienes buscan tomar decisiones financieras m\u00e1s inteligentes, crecer profesionalmente y disfrutar de sus juegos favoritos.<\/p>\n<\/div><div class=\"mx-5 sm:mx-0 prose leading-relaxed text-lg mb-5 text-left wp-paragraph\">\n<p>Nuestro objetivo es simplificar temas complejos. Ya sea que est\u00e9s comparando tarjetas de cr\u00e9dito, pr\u00e9stamos personales, buscando trabajo o descubriendo nuevos juegos, nuestro contenido ofrece informaci\u00f3n clara y pr\u00e1ctica sin vender servicios ni conectar a candidatos con empleadores. En cambio, te brindamos informaci\u00f3n independiente para ayudarte a pensar con claridad y actuar con determinaci\u00f3n.<\/p>\n<\/div><div class=\"mx-5 sm:mx-0 prose leading-relaxed text-lg mb-5 text-left wp-paragraph\">\n<p>Aqu\u00ed encontrar\u00e1s publicaciones actualizadas peri\u00f3dicamente sobre productos financieros como tarjetas de cr\u00e9dito y opciones de pr\u00e9stamos, as\u00ed como tendencias de contrataci\u00f3n, desarrollo de habilidades, educaci\u00f3n financiera y an\u00e1lisis de las \u00faltimas noticias sobre videojuegos. Adem\u00e1s, ofrecemos contenido seleccionado sobre trabajo remoto, aprendizaje en l\u00ednea, transiciones profesionales y experiencias de videojuegos. Si bien solemos destacar ofertas de empleo y novedades del mercado laboral, no tenemos ninguna relaci\u00f3n con las empresas u organizaciones que aparecen aqu\u00ed.<\/p>\n<\/div><!--advertisement--><div class=\"mx-5 sm:mx-0 sm:text-3xl text-2xl font-medium title-font mb-4 text-gray-900 text-left\">\n<h2 class=\"wp-block-heading\">Nuestra misi\u00f3n<\/h2>\n<\/div><div class=\"mx-5 sm:mx-0 prose leading-relaxed text-lg mb-5 text-left wp-paragraph\">\n<p>Queremos ayudar a las personas en todas las etapas de la vida a sentirse m\u00e1s seguras al dar el siguiente paso, ya sea comenzar un nuevo trabajo, mejorar sus h\u00e1bitos financieros, elegir el curso adecuado para perfeccionar una habilidad o descubrir nuevos juegos emocionantes. Nuestra misi\u00f3n es brindarte informaci\u00f3n, contexto e ideas que respalden tus objetivos, sin prometer atajos ni resultados inmediatos.<\/p>\n<\/div><div class=\"mx-5 sm:mx-0 prose leading-relaxed text-lg mb-5 text-left wp-paragraph\">\n<p>Creemos que el progreso se basa en conocimientos claros y acciones peque\u00f1as y consistentes. Por eso, nos tomamos el tiempo de investigar lo importante y lo presentamos de forma f\u00e1cil de leer, f\u00e1cil de aplicar y sin presiones.<\/p>\n<\/div><!--advertisement--><div class=\"mx-5 sm:mx-0 sm:text-3xl text-2xl font-medium title-font mb-4 text-gray-900 text-left\">\n<h2 class=\"wp-block-heading\">Lo que encontrar\u00e1s aqu\u00ed<\/h2>\n<\/div><div class=\"mx-5 sm:mx-0 prose leading-relaxed text-lg mb-5 text-left wp-paragraph\">\n<p>Nuestro contenido est\u00e1 organizado para apoyar tu desarrollo personal y profesional a trav\u00e9s de diferentes lentes:<\/p>\n<\/div><div class=\"mx-5 sm:mx-0 prose text-left mb-5\">\n<ul><div class=\"mx-5 sm:mx-0 prose text-left mb-5\">\n<li><strong>Tarjetas de cr\u00e9dito y pr\u00e9stamos personales<\/strong><strong><br><\/strong> Compara las mejores opciones de tarjetas de cr\u00e9dito, pr\u00e9stamos personales y otras soluciones financieras. Te ofrecemos an\u00e1lisis detallados de las ventajas y desventajas de los diferentes productos financieros, para que te resulte m\u00e1s f\u00e1cil decidir cu\u00e1l es el m\u00e1s adecuado para ti.<\/li>\n<\/div>\n\n<div class=\"mx-5 sm:mx-0 prose text-left mb-5\">\n<li><strong>Consejos profesionales y orientaci\u00f3n laboral<\/strong><strong><br><\/strong> Desde la redacci\u00f3n del curr\u00edculum hasta la preparaci\u00f3n para la entrevista, desglosamos estrategias esenciales para ayudarlo a destacarse y avanzar con confianza.<\/li>\n<\/div>\n\n<div class=\"mx-5 sm:mx-0 prose text-left mb-5\">\n<li><strong>Bienestar financiero<\/strong><strong><br><\/strong> Aprenda a administrar su dinero de manera m\u00e1s inteligente, a comprender las herramientas de ahorro y presupuestaci\u00f3n y a abordar preguntas financieras comunes con claridad.<\/li>\n<\/div>\n\n<div class=\"mx-5 sm:mx-0 prose text-left mb-5\">\n<li><strong>Cursos en l\u00ednea y consejos de aprendizaje<\/strong><strong><br><\/strong> Descubra ideas de cursos, consejos de estudio y recursos para desarrollar habilidades que se alineen con sus objetivos y se adapten a su estilo de vida.<\/li>\n<\/div>\n\n<div class=\"mx-5 sm:mx-0 prose text-left mb-5\">\n<li><strong>Perspectivas sobre los videojuegos<\/strong><strong><br><\/strong> Mantente informado sobre las \u00faltimas tendencias en videojuegos, consejos para sacar el m\u00e1ximo provecho de tus juegos favoritos y formas de mejorar tu experiencia de juego.<\/li>\n<\/div>\n\n<div class=\"mx-5 sm:mx-0 prose text-left mb-5\">\n<li><strong>Trabajo remoto y flexibilidad<\/strong><strong><br><\/strong> Aproveche al m\u00e1ximo las herramientas digitales, los h\u00e1bitos de gesti\u00f3n del tiempo y las plataformas colaborativas que respaldan una forma de trabajar moderna y flexible.<\/li>\n<\/div>\n\n<div class=\"mx-5 sm:mx-0 prose text-left mb-5\">\n<li><strong>Aspectos destacados de la contrataci\u00f3n y tendencias del mercado<\/strong><strong><br><\/strong> Mant\u00e9ngase informado sobre las nuevas vacantes y las actualizaciones de la plantilla de las principales empresas. Si bien compartimos esta informaci\u00f3n peri\u00f3dicamente, no representamos ni promocionamos a ninguna empresa.<\/li>\n<\/div><\/ul>\n<\/div><!--advertisement--><div class=\"mx-5 sm:mx-0 sm:text-3xl text-2xl font-medium title-font mb-4 text-gray-900 text-left\">\n<h2 class=\"wp-block-heading\">Nuestro enfoque<\/h2>\n<\/div><div class=\"mx-5 sm:mx-0 prose leading-relaxed text-lg mb-5 text-left wp-paragraph\">\n<p>More Net Cash es una publicaci\u00f3n independiente. Financiamos nuestro trabajo mediante publicidad, pero no vendemos productos, aceptamos patrocinios pagados ni promocionamos ofertas de empleo patrocinadas bajo un disfraz editorial.<\/p>\n<\/div><div class=\"mx-5 sm:mx-0 prose leading-relaxed text-lg mb-5 text-left wp-paragraph\">\n<p>Cada art\u00edculo es producido internamente por un equipo comprometido a ofrecer contenido bien investigado, relevante y \u00fatil. No sacrificamos nuestra credibilidad por clics. Lo m\u00e1s importante es brindarte informaci\u00f3n confiable, sin ruido ni presi\u00f3n.<\/p>\n<\/div><div class=\"mx-5 sm:mx-0 prose leading-relaxed text-lg mb-5 text-left wp-paragraph\">\n<p>Estamos aqu\u00ed para informar, no para influir. Si buscas orientaci\u00f3n pr\u00e1ctica sobre empleo, finanzas, formaci\u00f3n acad\u00e9mica o videojuegos, has llegado al lugar indicado.<\/p>\n<\/div>","protected":false},"excerpt":{"rendered":"<p>More Net Cash es un sitio web con contenido que ayuda a los lectores a comprender las decisiones financieras, los cambios profesionales, las oportunidades de aprendizaje y las opciones de juego actuales. Publicamos art\u00edculos pr\u00e1cticos y f\u00e1ciles de entender sobre finanzas personales, mercados laborales, trayectorias educativas y juegos, con el objetivo de brindar informaci\u00f3n relevante y confiable para quienes buscan tomar decisiones financieras m\u00e1s inteligentes. <a class=\"more-link\" href=\"https:\/\/morenetcash.com\/es\/about\/\">Sigue leyendo <span class=\"screen-reader-text\">Acerca de<\/span><\/a><\/p>","protected":false},"author":3,"featured_media":0,"parent":0,"menu_order":0,"comment_status":"closed","ping_status":"closed","template":"","meta":[],"yoast_head":"<!-- This site is optimized with the Yoast SEO plugin v19.1 - https:\/\/yoast.com\/wordpress\/plugins\/seo\/ -->\n<title>About - More Net Cash<\/title>\n<meta name=\"description\" content=\"At More Net Cash, we are dedicated to researching and providing expert advice on top-market mobile applications, software solutions, and online careers.\" \/>\n<meta name=\"robots\" content=\"index, follow, max-snippet:-1, max-image-preview:large, max-video-preview:-1\" \/>\n<link rel=\"canonical\" href=\"https:\/\/morenetcash.com\/es\/about\/\" \/>\n<meta property=\"og:locale\" content=\"es_MX\" \/>\n<meta property=\"og:type\" content=\"article\" \/>\n<meta property=\"og:title\" content=\"About - More Net Cash\" \/>\n<meta property=\"og:description\" content=\"At More Net Cash, we are dedicated to researching and providing expert advice on top-market mobile applications, software solutions, and online careers.\" \/>\n<meta property=\"og:url\" content=\"https:\/\/morenetcash.com\/es\/about\/\" \/>\n<meta property=\"og:site_name\" content=\"More Net Cash\" \/>\n<meta property=\"article:modified_time\" content=\"2025-10-29T12:25:15+00:00\" \/>\n<meta name=\"twitter:card\" content=\"summary_large_image\" \/>\n<meta name=\"twitter:label1\" content=\"Est. reading time\" \/>\n\t<meta name=\"twitter:data1\" content=\"3 minutos\" \/>\n<script type=\"application\/ld+json\" class=\"yoast-schema-graph\">{\"@context\":\"https:\/\/schema.org\",\"@graph\":[{\"@type\":\"Organization\",\"@id\":\"https:\/\/morenetcash.com\/#organization\",\"name\":\"More Net Cash\",\"url\":\"https:\/\/morenetcash.com\/\",\"sameAs\":[],\"logo\":{\"@type\":\"ImageObject\",\"inLanguage\":\"es-MX\",\"@id\":\"https:\/\/morenetcash.com\/#\/schema\/logo\/image\/\",\"url\":\"https:\/\/morenetcash.com\/wp-content\/uploads\/2023\/07\/More-Net-Cash-logo-copy.jpg\",\"contentUrl\":\"https:\/\/morenetcash.com\/wp-content\/uploads\/2023\/07\/More-Net-Cash-logo-copy.jpg\",\"width\":378,\"height\":164,\"caption\":\"More Net Cash\"},\"image\":{\"@id\":\"https:\/\/morenetcash.com\/#\/schema\/logo\/image\/\"}},{\"@type\":\"WebSite\",\"@id\":\"https:\/\/morenetcash.com\/#website\",\"url\":\"https:\/\/morenetcash.com\/\",\"name\":\"More Net Cash\",\"description\":\"Financial Products Reviews\",\"publisher\":{\"@id\":\"https:\/\/morenetcash.com\/#organization\"},\"potentialAction\":[{\"@type\":\"SearchAction\",\"target\":{\"@type\":\"EntryPoint\",\"urlTemplate\":\"https:\/\/morenetcash.com\/?s={search_term_string}\"},\"query-input\":\"required name=search_term_string\"}],\"inLanguage\":\"es-MX\"},{\"@type\":\"WebPage\",\"@id\":\"https:\/\/morenetcash.com\/about\/#webpage\",\"url\":\"https:\/\/morenetcash.com\/about\/\",\"name\":\"About - More Net Cash\",\"isPartOf\":{\"@id\":\"https:\/\/morenetcash.com\/#website\"},\"datePublished\":\"2023-07-23T21:28:58+00:00\",\"dateModified\":\"2025-10-29T12:25:15+00:00\",\"description\":\"At More Net Cash, we are dedicated to researching and providing expert advice on top-market mobile applications, software solutions, and online careers.\",\"breadcrumb\":{\"@id\":\"https:\/\/morenetcash.com\/about\/#breadcrumb\"},\"inLanguage\":\"es-MX\",\"potentialAction\":[{\"@type\":\"ReadAction\",\"target\":[\"https:\/\/morenetcash.com\/about\/\"]}]},{\"@type\":\"BreadcrumbList\",\"@id\":\"https:\/\/morenetcash.com\/about\/#breadcrumb\",\"itemListElement\":[{\"@type\":\"ListItem\",\"position\":1,\"name\":\"Home\",\"item\":\"https:\/\/morenetcash.com\/\"},{\"@type\":\"ListItem\",\"position\":2,\"name\":\"About\"}]}]}<\/script>\n<!-- \/ Yoast SEO plugin. -->","yoast_head_json":{"title":"About - More Net Cash","description":"At More Net Cash, we are dedicated to researching and providing expert advice on top-market mobile applications, software solutions, and online careers.","robots":{"index":"index","follow":"follow","max-snippet":"max-snippet:-1","max-image-preview":"max-image-preview:large","max-video-preview":"max-video-preview:-1"},"canonical":"https:\/\/morenetcash.com\/es\/about\/","og_locale":"es_MX","og_type":"article","og_title":"About - More Net Cash","og_description":"At More Net Cash, we are dedicated to researching and providing expert advice on top-market mobile applications, software solutions, and online careers.","og_url":"https:\/\/morenetcash.com\/es\/about\/","og_site_name":"More Net Cash","article_modified_time":"2025-10-29T12:25:15+00:00","twitter_card":"summary_large_image","twitter_misc":{"Est. reading time":"3 minutos"},"schema":{"@context":"https:\/\/schema.org","@graph":[{"@type":"Organization","@id":"https:\/\/morenetcash.com\/#organization","name":"More Net Cash","url":"https:\/\/morenetcash.com\/","sameAs":[],"logo":{"@type":"ImageObject","inLanguage":"es-MX","@id":"https:\/\/morenetcash.com\/#\/schema\/logo\/image\/","url":"https:\/\/morenetcash.com\/wp-content\/uploads\/2023\/07\/More-Net-Cash-logo-copy.jpg","contentUrl":"https:\/\/morenetcash.com\/wp-content\/uploads\/2023\/07\/More-Net-Cash-logo-copy.jpg","width":378,"height":164,"caption":"More Net Cash"},"image":{"@id":"https:\/\/morenetcash.com\/#\/schema\/logo\/image\/"}},{"@type":"WebSite","@id":"https:\/\/morenetcash.com\/#website","url":"https:\/\/morenetcash.com\/","name":"More Net Cash","description":"Financial Products Reviews","publisher":{"@id":"https:\/\/morenetcash.com\/#organization"},"potentialAction":[{"@type":"SearchAction","target":{"@type":"EntryPoint","urlTemplate":"https:\/\/morenetcash.com\/?s={search_term_string}"},"query-input":"required name=search_term_string"}],"inLanguage":"es-MX"},{"@type":"WebPage","@id":"https:\/\/morenetcash.com\/about\/#webpage","url":"https:\/\/morenetcash.com\/about\/","name":"About - More Net Cash","isPartOf":{"@id":"https:\/\/morenetcash.com\/#website"},"datePublished":"2023-07-23T21:28:58+00:00","dateModified":"2025-10-29T12:25:15+00:00","description":"At More Net Cash, we are dedicated to researching and providing expert advice on top-market mobile applications, software solutions, and online careers.","breadcrumb":{"@id":"https:\/\/morenetcash.com\/about\/#breadcrumb"},"inLanguage":"es-MX","potentialAction":[{"@type":"ReadAction","target":["https:\/\/morenetcash.com\/about\/"]}]},{"@type":"BreadcrumbList","@id":"https:\/\/morenetcash.com\/about\/#breadcrumb","itemListElement":[{"@type":"ListItem","position":1,"name":"Home","item":"https:\/\/morenetcash.com\/"},{"@type":"ListItem","position":2,"name":"About"}]}]}},"_links":{"self":[{"href":"https:\/\/morenetcash.com\/es\/wp-json\/wp\/v2\/pages\/156"}],"collection":[{"href":"https:\/\/morenetcash.com\/es\/wp-json\/wp\/v2\/pages"}],"about":[{"href":"https:\/\/morenetcash.com\/es\/wp-json\/wp\/v2\/types\/page"}],"author":[{"embeddable":true,"href":"https:\/\/morenetcash.com\/es\/wp-json\/wp\/v2\/users\/3"}],"replies":[{"embeddable":true,"href":"https:\/\/morenetcash.com\/es\/wp-json\/wp\/v2\/comments?post=156"}],"version-history":[{"count":0,"href":"https:\/\/morenetcash.com\/es\/wp-json\/wp\/v2\/pages\/156\/revisions"}],"wp:attachment":[{"href":"https:\/\/morenetcash.com\/es\/wp-json\/wp\/v2\/media?parent=156"}],"curies":[{"name":"wp","href":"https:\/\/api.w.org\/{rel}","templated":true}]}}