{"id":156,"date":"2023-07-23T21:28:58","date_gmt":"2023-07-23T21:28:58","guid":{"rendered":"https:\/\/morenetcash.com\/?page_id=156"},"modified":"2025-10-29T12:25:15","modified_gmt":"2025-10-29T12:25:15","slug":"about","status":"publish","type":"page","link":"https:\/\/morenetcash.com\/de\/about\/","title":{"rendered":"Um"},"content":{"rendered":"<div class=\"mx-5 sm:mx-0 prose leading-relaxed text-lg mb-5 text-left wp-paragraph\">\n<p>More Net Cash ist eine inhaltsorientierte Website, die Lesern hilft, sich in den heutigen Finanzentscheidungen, Karriereschritten, Weiterbildungsm\u00f6glichkeiten und Gaming-Angeboten zurechtzufinden. Wir ver\u00f6ffentlichen praxisnahe, leicht verst\u00e4ndliche Artikel zu den Themen Finanzen, Arbeitsmarkt, Bildung und Gaming. Unser Ziel ist es, relevante und verl\u00e4ssliche Informationen f\u00fcr alle bereitzustellen, die intelligentere Finanzentscheidungen treffen, sich beruflich weiterentwickeln und ihre Lieblingsspiele genie\u00dfen m\u00f6chten.<\/p>\n<\/div><div class=\"mx-5 sm:mx-0 prose leading-relaxed text-lg mb-5 text-left wp-paragraph\">\n<p>Unser Ziel ist es, komplexe Themen verst\u00e4ndlich zu machen. Ob Sie Kreditkarten oder Privatkredite vergleichen, sich auf Jobsuche begeben oder neue Spiele entdecken m\u00f6chten \u2013 unsere Inhalte bieten Ihnen klare, praxisorientierte Einblicke, ohne Ihnen Dienstleistungen zu verkaufen oder Kandidaten mit Arbeitgebern zu vernetzen. Wir stellen Ihnen stattdessen unabh\u00e4ngige Informationen zur Verf\u00fcgung, damit Sie klar denken und zielgerichtet handeln k\u00f6nnen.<\/p>\n<\/div><div class=\"mx-5 sm:mx-0 prose leading-relaxed text-lg mb-5 text-left wp-paragraph\">\n<p>Hier finden Sie regelm\u00e4\u00dfig aktualisierte Beitr\u00e4ge zu Finanzprodukten wie Kreditkarten und Kreditoptionen sowie zu Trends im Personalwesen, Kompetenzentwicklung, Finanzkompetenz und aktuellen Gaming-News. Dar\u00fcber hinaus bieten wir kuratierte Inhalte zu Remote-Arbeit, Online-Lernen, Karrierewechseln und Gaming-Erlebnissen. Obwohl wir h\u00e4ufig Stellenangebote und Neuigkeiten aus dem Arbeitsmarkt hervorheben, stehen wir in keiner Verbindung zu den hier vorgestellten Unternehmen oder Organisationen.<\/p>\n<\/div><!--advertisement--><div class=\"mx-5 sm:mx-0 sm:text-3xl text-2xl font-medium title-font mb-4 text-gray-900 text-left\">\n<h2 class=\"wp-block-heading\">Unsere Mission<\/h2>\n<\/div><div class=\"mx-5 sm:mx-0 prose leading-relaxed text-lg mb-5 text-left wp-paragraph\">\n<p>Wir m\u00f6chten Menschen in allen Lebensphasen dabei unterst\u00fctzen, ihren n\u00e4chsten Schritt mit mehr Zuversicht anzugehen \u2013 sei es der Start in einen neuen Job, die Verbesserung ihrer Finanzen, die Wahl des richtigen Kurses zur Weiterbildung oder die Entdeckung spannender neuer Spiele. Unsere Mission ist es, Ihnen Fakten, Kontext und Ideen zu liefern, die Sie bei der Erreichung Ihrer Ziele unterst\u00fctzen, ohne Ihnen Abk\u00fcrzungen oder Wunder \u00fcber Nacht zu versprechen.<\/p>\n<\/div><div class=\"mx-5 sm:mx-0 prose leading-relaxed text-lg mb-5 text-left wp-paragraph\">\n<p>Wir glauben, dass Fortschritt auf klarem Wissen und kleinen, konsequenten Ma\u00dfnahmen beruht. Deshalb nehmen wir uns Zeit, das Wesentliche zu erforschen und es verst\u00e4ndlich, anwendbar und ohne Druck zu pr\u00e4sentieren.<\/p>\n<\/div><!--advertisement--><div class=\"mx-5 sm:mx-0 sm:text-3xl text-2xl font-medium title-font mb-4 text-gray-900 text-left\">\n<h2 class=\"wp-block-heading\">Was Sie hier finden<\/h2>\n<\/div><div class=\"mx-5 sm:mx-0 prose leading-relaxed text-lg mb-5 text-left wp-paragraph\">\n<p>Unsere Inhalte sind so organisiert, dass sie Ihre pers\u00f6nliche und berufliche Entwicklung aus verschiedenen Blickwinkeln unterst\u00fctzen:<\/p>\n<\/div><div class=\"mx-5 sm:mx-0 prose text-left mb-5\">\n<ul><div class=\"mx-5 sm:mx-0 prose text-left mb-5\">\n<li><strong>Kreditkarten und Privatkredite<\/strong><strong><br><\/strong> Vergleichen Sie die besten Angebote f\u00fcr Kreditkarten, Privatkredite und andere Finanzl\u00f6sungen. Wir bieten detaillierte Analysen der Vor- und Nachteile verschiedener Finanzprodukte und erleichtern Ihnen so die Entscheidung, was f\u00fcr Sie am besten geeignet ist.<\/li>\n<\/div>\n\n<div class=\"mx-5 sm:mx-0 prose text-left mb-5\">\n<li><strong>Karrieretipps und Berufsberatung<\/strong><strong><br><\/strong> Vom Verfassen des Lebenslaufs bis zur Vorbereitung auf Vorstellungsgespr\u00e4che erl\u00e4utern wir wichtige Strategien, die Ihnen dabei helfen, sich abzuheben und selbstbewusst voranzukommen.<\/li>\n<\/div>\n\n<div class=\"mx-5 sm:mx-0 prose text-left mb-5\">\n<li><strong>Finanzielles Wohlergehen<\/strong><strong><br><\/strong> Erfahren Sie, wie Sie Ihr Geld sinnvoller verwalten, Spar- und Budgetierungstools verstehen und allgemeine Finanzfragen klar und deutlich beantworten.<\/li>\n<\/div>\n\n<div class=\"mx-5 sm:mx-0 prose text-left mb-5\">\n<li><strong>Online-Kurse und Lernberatung<\/strong><strong><br><\/strong> Entdecken Sie Kursideen, Lerntipps und Ressourcen zum Kompetenzaufbau, die Ihren Zielen entsprechen und zu Ihrem Lebensstil passen.<\/li>\n<\/div>\n\n<div class=\"mx-5 sm:mx-0 prose text-left mb-5\">\n<li><strong>Gaming-Einblicke<\/strong><strong><br><\/strong> Bleiben Sie \u00fcber die neuesten Trends in der Gaming-Branche informiert, erhalten Sie Tipps, wie Sie Ihre Lieblingsspiele optimal nutzen k\u00f6nnen, und erfahren Sie, wie Sie Ihr Spielerlebnis verbessern k\u00f6nnen.<\/li>\n<\/div>\n\n<div class=\"mx-5 sm:mx-0 prose text-left mb-5\">\n<li><strong>Remote-Arbeit und Flexibilit\u00e4t<\/strong><strong><br><\/strong> Holen Sie das Beste aus digitalen Tools, Zeitmanagementgewohnheiten und kollaborativen Plattformen heraus, die eine moderne, flexible Arbeitsweise unterst\u00fctzen.<\/li>\n<\/div>\n\n<div class=\"mx-5 sm:mx-0 prose text-left mb-5\">\n<li><strong>Highlights bei der Personalbeschaffung und Markttrends<\/strong><strong><br><\/strong> Bleiben Sie \u00fcber neue Stellenangebote und Personal-Updates gro\u00dfer Arbeitgeber informiert. Wir informieren Sie regelm\u00e4\u00dfig, repr\u00e4sentieren oder bewerben jedoch kein Unternehmen.<\/li>\n<\/div><\/ul>\n<\/div><!--advertisement--><div class=\"mx-5 sm:mx-0 sm:text-3xl text-2xl font-medium title-font mb-4 text-gray-900 text-left\">\n<h2 class=\"wp-block-heading\">Unser Ansatz<\/h2>\n<\/div><div class=\"mx-5 sm:mx-0 prose leading-relaxed text-lg mb-5 text-left wp-paragraph\">\n<p>More Net Cash ist eine unabh\u00e4ngige Publikation. Wir finanzieren unsere Arbeit durch Werbung, verkaufen jedoch keine Produkte, akzeptieren keine bezahlten Werbevertr\u00e4ge und bieten keine gesponserten Stellenangebote unter redaktionellem Deckmantel an.<\/p>\n<\/div><div class=\"mx-5 sm:mx-0 prose leading-relaxed text-lg mb-5 text-left wp-paragraph\">\n<p>Jeder Artikel wird intern von einem Team erstellt, das sich der Bereitstellung gut recherchierter, relevanter und n\u00fctzlicher Inhalte verschrieben hat. Wir tauschen unsere Glaubw\u00fcrdigkeit nicht gegen Klicks ein. Wichtig ist uns, Ihnen vertrauensw\u00fcrdige Informationen zu liefern \u2013 ohne L\u00e4rm oder Druck.<\/p>\n<\/div><div class=\"mx-5 sm:mx-0 prose leading-relaxed text-lg mb-5 text-left wp-paragraph\">\n<p>Wir sind hier, um zu informieren, nicht um zu beeinflussen. Wenn Sie fundierte Ratschl\u00e4ge zu Jobs, Finanzen, Weiterbildungsm\u00f6glichkeiten oder Gaming suchen, sind Sie hier genau richtig.<\/p>\n<\/div>","protected":false},"excerpt":{"rendered":"<p>More Net Cash ist eine inhaltsorientierte Website, die Lesern hilft, sich in den heutigen Finanzentscheidungen, Karriereschritten, Weiterbildungsm\u00f6glichkeiten und Spielangeboten zurechtzufinden. Wir ver\u00f6ffentlichen praxisnahe, leicht verst\u00e4ndliche Artikel zu den Themen pers\u00f6nliche Finanzen, Arbeitsmarkt, Bildungswege und Gaming mit dem Ziel, relevante und verl\u00e4ssliche Informationen f\u00fcr alle bereitzustellen, die intelligentere Finanzentscheidungen treffen m\u00f6chten. <a class=\"more-link\" href=\"https:\/\/morenetcash.com\/de\/about\/\">Weiterlesen <span class=\"screen-reader-text\">Um<\/span><\/a><\/p>","protected":false},"author":3,"featured_media":0,"parent":0,"menu_order":0,"comment_status":"closed","ping_status":"closed","template":"","meta":[],"yoast_head":"<!-- This site is optimized with the Yoast SEO plugin v19.1 - https:\/\/yoast.com\/wordpress\/plugins\/seo\/ -->\n<title>About - More Net Cash<\/title>\n<meta name=\"description\" content=\"At More Net Cash, we are dedicated to researching and providing expert advice on top-market mobile applications, software solutions, and online careers.\" \/>\n<meta name=\"robots\" content=\"index, follow, max-snippet:-1, max-image-preview:large, max-video-preview:-1\" \/>\n<link rel=\"canonical\" href=\"https:\/\/morenetcash.com\/de\/about\/\" \/>\n<meta property=\"og:locale\" content=\"de_DE\" \/>\n<meta property=\"og:type\" content=\"article\" \/>\n<meta property=\"og:title\" content=\"About - More Net Cash\" \/>\n<meta property=\"og:description\" content=\"At More Net Cash, we are dedicated to researching and providing expert advice on top-market mobile applications, software solutions, and online careers.\" \/>\n<meta property=\"og:url\" content=\"https:\/\/morenetcash.com\/de\/about\/\" \/>\n<meta property=\"og:site_name\" content=\"More Net Cash\" \/>\n<meta property=\"article:modified_time\" content=\"2025-10-29T12:25:15+00:00\" \/>\n<meta name=\"twitter:card\" content=\"summary_large_image\" \/>\n<meta name=\"twitter:label1\" content=\"Est. reading time\" \/>\n\t<meta name=\"twitter:data1\" content=\"3 Minuten\" \/>\n<script type=\"application\/ld+json\" class=\"yoast-schema-graph\">{\"@context\":\"https:\/\/schema.org\",\"@graph\":[{\"@type\":\"Organization\",\"@id\":\"https:\/\/morenetcash.com\/#organization\",\"name\":\"More Net Cash\",\"url\":\"https:\/\/morenetcash.com\/\",\"sameAs\":[],\"logo\":{\"@type\":\"ImageObject\",\"inLanguage\":\"de-DE\",\"@id\":\"https:\/\/morenetcash.com\/#\/schema\/logo\/image\/\",\"url\":\"https:\/\/morenetcash.com\/wp-content\/uploads\/2023\/07\/More-Net-Cash-logo-copy.jpg\",\"contentUrl\":\"https:\/\/morenetcash.com\/wp-content\/uploads\/2023\/07\/More-Net-Cash-logo-copy.jpg\",\"width\":378,\"height\":164,\"caption\":\"More Net Cash\"},\"image\":{\"@id\":\"https:\/\/morenetcash.com\/#\/schema\/logo\/image\/\"}},{\"@type\":\"WebSite\",\"@id\":\"https:\/\/morenetcash.com\/#website\",\"url\":\"https:\/\/morenetcash.com\/\",\"name\":\"More Net Cash\",\"description\":\"Financial Products Reviews\",\"publisher\":{\"@id\":\"https:\/\/morenetcash.com\/#organization\"},\"potentialAction\":[{\"@type\":\"SearchAction\",\"target\":{\"@type\":\"EntryPoint\",\"urlTemplate\":\"https:\/\/morenetcash.com\/?s={search_term_string}\"},\"query-input\":\"required name=search_term_string\"}],\"inLanguage\":\"de-DE\"},{\"@type\":\"WebPage\",\"@id\":\"https:\/\/morenetcash.com\/about\/#webpage\",\"url\":\"https:\/\/morenetcash.com\/about\/\",\"name\":\"About - More Net Cash\",\"isPartOf\":{\"@id\":\"https:\/\/morenetcash.com\/#website\"},\"datePublished\":\"2023-07-23T21:28:58+00:00\",\"dateModified\":\"2025-10-29T12:25:15+00:00\",\"description\":\"At More Net Cash, we are dedicated to researching and providing expert advice on top-market mobile applications, software solutions, and online careers.\",\"breadcrumb\":{\"@id\":\"https:\/\/morenetcash.com\/about\/#breadcrumb\"},\"inLanguage\":\"de-DE\",\"potentialAction\":[{\"@type\":\"ReadAction\",\"target\":[\"https:\/\/morenetcash.com\/about\/\"]}]},{\"@type\":\"BreadcrumbList\",\"@id\":\"https:\/\/morenetcash.com\/about\/#breadcrumb\",\"itemListElement\":[{\"@type\":\"ListItem\",\"position\":1,\"name\":\"Home\",\"item\":\"https:\/\/morenetcash.com\/\"},{\"@type\":\"ListItem\",\"position\":2,\"name\":\"About\"}]}]}<\/script>\n<!-- \/ Yoast SEO plugin. -->","yoast_head_json":{"title":"About - More Net Cash","description":"At More Net Cash, we are dedicated to researching and providing expert advice on top-market mobile applications, software solutions, and online careers.","robots":{"index":"index","follow":"follow","max-snippet":"max-snippet:-1","max-image-preview":"max-image-preview:large","max-video-preview":"max-video-preview:-1"},"canonical":"https:\/\/morenetcash.com\/de\/about\/","og_locale":"de_DE","og_type":"article","og_title":"About - More Net Cash","og_description":"At More Net Cash, we are dedicated to researching and providing expert advice on top-market mobile applications, software solutions, and online careers.","og_url":"https:\/\/morenetcash.com\/de\/about\/","og_site_name":"More Net Cash","article_modified_time":"2025-10-29T12:25:15+00:00","twitter_card":"summary_large_image","twitter_misc":{"Est. reading time":"3 Minuten"},"schema":{"@context":"https:\/\/schema.org","@graph":[{"@type":"Organization","@id":"https:\/\/morenetcash.com\/#organization","name":"More Net Cash","url":"https:\/\/morenetcash.com\/","sameAs":[],"logo":{"@type":"ImageObject","inLanguage":"de-DE","@id":"https:\/\/morenetcash.com\/#\/schema\/logo\/image\/","url":"https:\/\/morenetcash.com\/wp-content\/uploads\/2023\/07\/More-Net-Cash-logo-copy.jpg","contentUrl":"https:\/\/morenetcash.com\/wp-content\/uploads\/2023\/07\/More-Net-Cash-logo-copy.jpg","width":378,"height":164,"caption":"More Net Cash"},"image":{"@id":"https:\/\/morenetcash.com\/#\/schema\/logo\/image\/"}},{"@type":"WebSite","@id":"https:\/\/morenetcash.com\/#website","url":"https:\/\/morenetcash.com\/","name":"More Net Cash","description":"Financial Products Reviews","publisher":{"@id":"https:\/\/morenetcash.com\/#organization"},"potentialAction":[{"@type":"SearchAction","target":{"@type":"EntryPoint","urlTemplate":"https:\/\/morenetcash.com\/?s={search_term_string}"},"query-input":"required name=search_term_string"}],"inLanguage":"de-DE"},{"@type":"WebPage","@id":"https:\/\/morenetcash.com\/about\/#webpage","url":"https:\/\/morenetcash.com\/about\/","name":"About - More Net Cash","isPartOf":{"@id":"https:\/\/morenetcash.com\/#website"},"datePublished":"2023-07-23T21:28:58+00:00","dateModified":"2025-10-29T12:25:15+00:00","description":"At More Net Cash, we are dedicated to researching and providing expert advice on top-market mobile applications, software solutions, and online careers.","breadcrumb":{"@id":"https:\/\/morenetcash.com\/about\/#breadcrumb"},"inLanguage":"de-DE","potentialAction":[{"@type":"ReadAction","target":["https:\/\/morenetcash.com\/about\/"]}]},{"@type":"BreadcrumbList","@id":"https:\/\/morenetcash.com\/about\/#breadcrumb","itemListElement":[{"@type":"ListItem","position":1,"name":"Home","item":"https:\/\/morenetcash.com\/"},{"@type":"ListItem","position":2,"name":"About"}]}]}},"_links":{"self":[{"href":"https:\/\/morenetcash.com\/de\/wp-json\/wp\/v2\/pages\/156"}],"collection":[{"href":"https:\/\/morenetcash.com\/de\/wp-json\/wp\/v2\/pages"}],"about":[{"href":"https:\/\/morenetcash.com\/de\/wp-json\/wp\/v2\/types\/page"}],"author":[{"embeddable":true,"href":"https:\/\/morenetcash.com\/de\/wp-json\/wp\/v2\/users\/3"}],"replies":[{"embeddable":true,"href":"https:\/\/morenetcash.com\/de\/wp-json\/wp\/v2\/comments?post=156"}],"version-history":[{"count":0,"href":"https:\/\/morenetcash.com\/de\/wp-json\/wp\/v2\/pages\/156\/revisions"}],"wp:attachment":[{"href":"https:\/\/morenetcash.com\/de\/wp-json\/wp\/v2\/media?parent=156"}],"curies":[{"name":"wp","href":"https:\/\/api.w.org\/{rel}","templated":true}]}}